{"id":42546,"date":"2026-04-19T15:28:19","date_gmt":"2026-04-19T15:28:19","guid":{"rendered":"https:\/\/singuli.wpress.me\/index.php\/proizvod\/twistshake-set-2-zlicice-pastel-roza-4m\/"},"modified":"2026-04-21T00:27:19","modified_gmt":"2026-04-21T00:27:19","slug":"twistshake-set-2-zlicice-pastel-roza-4m","status":"publish","type":"product","link":"https:\/\/singuli.wpress.me\/index.php\/proizvod\/twistshake-set-2-zlicice-pastel-roza-4m\/","title":{"rendered":"TWISTSHAKE, set 2 \u017eli\u010dice, pastel roza 4+m"},"content":{"rendered":"<p>Twistshake ravne \u017elice za hranjenje savr\u0161ene su za razdoblje kada va\u0161a beba po\u010dinje samostalno jesti. U paketu se nalaze dvije \u017elice, duga \u017elica za hranjenje i kra\u0107a namijenjena za bebu koja se savr\u0161eno uklapa u malene ruke va\u0161eg djeteta. Soft touch\u00a0obrada je razvijena s anti-kliznim svojstvima, \u0161to osigurava jednakomjerno dr\u017eanje.  \u017dlica ima ergonomsku povr\u0161inu mekanu na dodir za optimalan hvat. Ne sadr\u017ei BPA. Prikladno za djecu od 4. mjeseca nadanje.<\/p>\n","protected":false},"excerpt":{"rendered":"<p>Pakiranje sadr\u017ei 2 \u017eli\u010dice<br \/>\nSoft touch obrada<br \/>\nEgonomska povr\u0161ina \u017elice<\/p>\n","protected":false},"featured_media":0,"template":"","meta":{"_seopress_robots_primary_cat":"","_seopress_titles_title":"","_seopress_titles_desc":"","_seopress_robots_index":"","iawp_total_views":0},"product_brand":[433],"product_cat":[274,238],"product_tag":[],"class_list":{"0":"post-42546","1":"product","2":"type-product","3":"status-publish","5":"product_brand-twistshake","6":"product_cat-kucanski-pribor-238","7":"product_cat-sve-za-dom","9":"first","10":"instock","11":"shipping-taxable","12":"purchasable","13":"product-type-simple"},"_links":{"self":[{"href":"https:\/\/singuli.wpress.me\/index.php\/wp-json\/wp\/v2\/product\/42546","targetHints":{"allow":["GET"]}}],"collection":[{"href":"https:\/\/singuli.wpress.me\/index.php\/wp-json\/wp\/v2\/product"}],"about":[{"href":"https:\/\/singuli.wpress.me\/index.php\/wp-json\/wp\/v2\/types\/product"}],"version-history":[{"count":0,"href":"https:\/\/singuli.wpress.me\/index.php\/wp-json\/wp\/v2\/product\/42546\/revisions"}],"wp:attachment":[{"href":"https:\/\/singuli.wpress.me\/index.php\/wp-json\/wp\/v2\/media?parent=42546"}],"wp:term":[{"taxonomy":"product_brand","embeddable":true,"href":"https:\/\/singuli.wpress.me\/index.php\/wp-json\/wp\/v2\/product_brand?post=42546"},{"taxonomy":"product_cat","embeddable":true,"href":"https:\/\/singuli.wpress.me\/index.php\/wp-json\/wp\/v2\/product_cat?post=42546"},{"taxonomy":"product_tag","embeddable":true,"href":"https:\/\/singuli.wpress.me\/index.php\/wp-json\/wp\/v2\/product_tag?post=42546"}],"curies":[{"name":"wp","href":"https:\/\/api.w.org\/{rel}","templated":true}]}}