{"id":42562,"date":"2026-04-19T15:28:23","date_gmt":"2026-04-19T15:28:23","guid":{"rendered":"https:\/\/singuli.wpress.me\/index.php\/proizvod\/gadus-s2-v220ac-2-visenamjenska-mast-18-kg\/"},"modified":"2026-04-20T12:33:47","modified_gmt":"2026-04-20T12:33:47","slug":"gadus-s2-v220ac-2-visenamjenska-mast-18-kg","status":"publish","type":"product","link":"https:\/\/singuli.wpress.me\/index.php\/proizvod\/gadus-s2-v220ac-2-visenamjenska-mast-18-kg\/","title":{"rendered":"GADUS S2 V220AC 2 , vi\u0161enamjenska mast, 18\u00a0kg"},"content":{"rendered":"<p>Visokokvalitetna vi\u0161enamjenska mast na bazi mineralnih ulja visokog indeksa viskoziteta i mije\u0161anog litij\/kalcij ugu\u0161\u010diva\u010da. Sadr\u017eava aditive za za\u0161titu od ekstremnih pritisaka, tro\u0161enja, antioksidanse i aditive za za\u0161titu od korozije koji unaprje\u0111uju njihove performanse u \u0161irokom spektru aplikacija. Isti\u010de se i izvrsnom mehani\u010dkom stabilnosti u uvjetima vibracija tijekom dugih perioda. Glavna primjena je za te\u0161ko optere\u0107ene klizne i kotrljaju\u0107e le\u017eajeve koji rade u sljede\u0107im uvjetima: vibracije, te\u0161ko optere\u0107enje, visoke temperature, udarna \u0161ok optere\u0107enja, prisustvo vode. Vi\u0161enamjenska primjena mogu\u0107a je posebno u transportnom sektoru gdje se proizvod mo\u017ee koristiti za podmazivanje \u0161asija i le\u017eajeva kota\u010da automobila. Prikladno i za gra\u0111evinske strojeve izlo\u017eene intenzivnom ispiranju vodom.<\/p>\n<p><span style=\"font-weight: bold\">Specifikacija: <\/span>STM D4950 LB<\/p>\n","protected":false},"excerpt":{"rendered":"<p>Vi\u0161enamjenska mast<br \/>\nMehani\u010dka stabilnost u uvjetima vibracija<br \/>\nGlavna primjena za optere\u0107ene klizne i kotrljaju\u0107e le\u017eajeve, transportni sektor, gra\u0111evinski strojevi<\/p>\n","protected":false},"featured_media":0,"template":"","meta":{"_seopress_robots_primary_cat":"","_seopress_titles_title":"","_seopress_titles_desc":"","_seopress_robots_index":"","iawp_total_views":0},"product_brand":[413],"product_cat":[268,278],"product_tag":[],"class_list":{"0":"post-42562","1":"product","2":"type-product","3":"status-publish","5":"product_brand-gadus","6":"product_cat-kozmetika-2","7":"product_cat-njega-tijela-268","9":"first","10":"instock","11":"shipping-taxable","12":"purchasable","13":"product-type-simple"},"_links":{"self":[{"href":"https:\/\/singuli.wpress.me\/index.php\/wp-json\/wp\/v2\/product\/42562","targetHints":{"allow":["GET"]}}],"collection":[{"href":"https:\/\/singuli.wpress.me\/index.php\/wp-json\/wp\/v2\/product"}],"about":[{"href":"https:\/\/singuli.wpress.me\/index.php\/wp-json\/wp\/v2\/types\/product"}],"version-history":[{"count":0,"href":"https:\/\/singuli.wpress.me\/index.php\/wp-json\/wp\/v2\/product\/42562\/revisions"}],"wp:attachment":[{"href":"https:\/\/singuli.wpress.me\/index.php\/wp-json\/wp\/v2\/media?parent=42562"}],"wp:term":[{"taxonomy":"product_brand","embeddable":true,"href":"https:\/\/singuli.wpress.me\/index.php\/wp-json\/wp\/v2\/product_brand?post=42562"},{"taxonomy":"product_cat","embeddable":true,"href":"https:\/\/singuli.wpress.me\/index.php\/wp-json\/wp\/v2\/product_cat?post=42562"},{"taxonomy":"product_tag","embeddable":true,"href":"https:\/\/singuli.wpress.me\/index.php\/wp-json\/wp\/v2\/product_tag?post=42562"}],"curies":[{"name":"wp","href":"https:\/\/api.w.org\/{rel}","templated":true}]}}