{"id":42564,"date":"2026-04-19T15:28:23","date_gmt":"2026-04-19T15:28:23","guid":{"rendered":"https:\/\/singuli.wpress.me\/index.php\/proizvod\/uni-fortune-rmz-autic-clip-strip-omjer-164\/"},"modified":"2026-04-20T12:33:47","modified_gmt":"2026-04-20T12:33:47","slug":"uni-fortune-rmz-autic-clip-strip-omjer-164","status":"publish","type":"product","link":"https:\/\/singuli.wpress.me\/index.php\/proizvod\/uni-fortune-rmz-autic-clip-strip-omjer-164\/","title":{"rendered":"UNI-FORTUNE RMZ, auti\u0107, clip strip, omjer 1:64"},"content":{"rendered":"<p>Kvalitetni modeli vrhunskih marki automobila, pokretni kota\u010di, metalni i plasti\u010dni dijelovi. Ovaj auti\u0107 prikladno je pakiran na clip stripu od 12 kom. Dob: 3+ godine<\/p>\n","protected":false},"excerpt":{"rendered":"<p>Kvalitetni modeli vrhunskih marki automobila<br \/>\nAuti\u0107 pakiran na clip stripu od 12 kom<br \/>\nDob: 3+ god<\/p>\n","protected":false},"featured_media":0,"template":"","meta":{"_seopress_robots_primary_cat":"","_seopress_titles_title":"","_seopress_titles_desc":"","_seopress_robots_index":"","iawp_total_views":0},"product_brand":[747],"product_cat":[243,273],"product_tag":[],"class_list":{"0":"post-42564","1":"product","2":"type-product","3":"status-publish","5":"product_brand-uni-fortune","6":"product_cat-automobili-i-motori","7":"product_cat-njega-vozila-243","9":"first","10":"instock","11":"shipping-taxable","12":"purchasable","13":"product-type-simple"},"_links":{"self":[{"href":"https:\/\/singuli.wpress.me\/index.php\/wp-json\/wp\/v2\/product\/42564","targetHints":{"allow":["GET"]}}],"collection":[{"href":"https:\/\/singuli.wpress.me\/index.php\/wp-json\/wp\/v2\/product"}],"about":[{"href":"https:\/\/singuli.wpress.me\/index.php\/wp-json\/wp\/v2\/types\/product"}],"version-history":[{"count":0,"href":"https:\/\/singuli.wpress.me\/index.php\/wp-json\/wp\/v2\/product\/42564\/revisions"}],"wp:attachment":[{"href":"https:\/\/singuli.wpress.me\/index.php\/wp-json\/wp\/v2\/media?parent=42564"}],"wp:term":[{"taxonomy":"product_brand","embeddable":true,"href":"https:\/\/singuli.wpress.me\/index.php\/wp-json\/wp\/v2\/product_brand?post=42564"},{"taxonomy":"product_cat","embeddable":true,"href":"https:\/\/singuli.wpress.me\/index.php\/wp-json\/wp\/v2\/product_cat?post=42564"},{"taxonomy":"product_tag","embeddable":true,"href":"https:\/\/singuli.wpress.me\/index.php\/wp-json\/wp\/v2\/product_tag?post=42564"}],"curies":[{"name":"wp","href":"https:\/\/api.w.org\/{rel}","templated":true}]}}