{"id":42571,"date":"2026-04-19T15:28:25","date_gmt":"2026-04-19T15:28:25","guid":{"rendered":"https:\/\/singuli.wpress.me\/index.php\/proizvod\/gadus-s2-v220-1-visenamjenska-mast-18-kg\/"},"modified":"2026-04-20T12:33:47","modified_gmt":"2026-04-20T12:33:47","slug":"gadus-s2-v220-1-visenamjenska-mast-18-kg","status":"publish","type":"product","link":"https:\/\/singuli.wpress.me\/index.php\/proizvod\/gadus-s2-v220-1-visenamjenska-mast-18-kg\/","title":{"rendered":"GADUS S2 V220 1, vi\u0161enamjenska mast, 18\u00a0kg"},"content":{"rendered":"<p><strong>Shell Gadus S2 V220<\/strong> su visokokvalitetne, vi\u0161enamjenske masti za <strong>ekstremna optere\u0107enja (EP)<\/strong>, bazirane na mje\u0161avini mineralnih ulja visokog viskoziteta i litij hidroksistearat sapunskog ugu\u0161\u010diva\u010da. Formulirane su s dodanim <strong>aditivima za ekstremne pritiske<\/strong> i provjerenim aditivima koji zna\u010dajno pobolj\u0161avaju njihove performanse.<\/p>\n<p>Ove su masti dizajnirane za vi\u0161enamjensko podmazivanje u <strong>industrijskom i transportnom sektoru<\/strong>. Idealne su za te\u0161ko optere\u0107ene <strong>kotrljaju\u0107e i klizne le\u017eajeve<\/strong>, razne spojeve te klizne povr\u0161ine. Osiguravaju pouzdan rad u ekstremnim uvjetima, uklju\u010duju\u0107i <strong>visoku vlagu i niske temperature<\/strong>.<\/p>\n","protected":false},"excerpt":{"rendered":"<p>Ekstremni pritisci (EP) aditivi za te\u0161ka optere\u0107enja<br \/>\nVi\u0161enamjenska primjena na kotrljaju\u0107im i kliznim le\u017eajevima<br \/>\nStabilne performanse u uvjetima visoke vlage i niskih temperatura<\/p>\n","protected":false},"featured_media":0,"template":"","meta":{"_seopress_robots_primary_cat":"","_seopress_titles_title":"","_seopress_titles_desc":"","_seopress_robots_index":"","iawp_total_views":0},"product_brand":[413],"product_cat":[268,278],"product_tag":[],"class_list":{"0":"post-42571","1":"product","2":"type-product","3":"status-publish","5":"product_brand-gadus","6":"product_cat-kozmetika-2","7":"product_cat-njega-tijela-268","9":"first","10":"outofstock","11":"shipping-taxable","12":"purchasable","13":"product-type-simple"},"_links":{"self":[{"href":"https:\/\/singuli.wpress.me\/index.php\/wp-json\/wp\/v2\/product\/42571","targetHints":{"allow":["GET"]}}],"collection":[{"href":"https:\/\/singuli.wpress.me\/index.php\/wp-json\/wp\/v2\/product"}],"about":[{"href":"https:\/\/singuli.wpress.me\/index.php\/wp-json\/wp\/v2\/types\/product"}],"version-history":[{"count":0,"href":"https:\/\/singuli.wpress.me\/index.php\/wp-json\/wp\/v2\/product\/42571\/revisions"}],"wp:attachment":[{"href":"https:\/\/singuli.wpress.me\/index.php\/wp-json\/wp\/v2\/media?parent=42571"}],"wp:term":[{"taxonomy":"product_brand","embeddable":true,"href":"https:\/\/singuli.wpress.me\/index.php\/wp-json\/wp\/v2\/product_brand?post=42571"},{"taxonomy":"product_cat","embeddable":true,"href":"https:\/\/singuli.wpress.me\/index.php\/wp-json\/wp\/v2\/product_cat?post=42571"},{"taxonomy":"product_tag","embeddable":true,"href":"https:\/\/singuli.wpress.me\/index.php\/wp-json\/wp\/v2\/product_tag?post=42571"}],"curies":[{"name":"wp","href":"https:\/\/api.w.org\/{rel}","templated":true}]}}