{"id":42575,"date":"2026-04-19T15:28:27","date_gmt":"2026-04-19T15:28:27","guid":{"rendered":"https:\/\/singuli.wpress.me\/index.php\/proizvod\/bison-transparent-ljepilo-55-ml\/"},"modified":"2026-04-21T00:27:19","modified_gmt":"2026-04-21T00:27:19","slug":"bison-transparent-ljepilo-55-ml","status":"publish","type":"product","link":"https:\/\/singuli.wpress.me\/index.php\/proizvod\/bison-transparent-ljepilo-55-ml\/","title":{"rendered":"BISON Transparent, ljepilo, 55\u00a0ml"},"content":{"rendered":"<p>Super sna\u017eno, kristalno \u010disto, univerzalno kontaktno ljepilo.<\/p>\n<p>Idealno pogodan za lijepljenje mnogih prozirnih materijala, kao \u0161to su pleksiglas, pleksiglas, polikarbonat. Tako\u0111er lijepi (sinteti\u010dku) ko\u017eu, vinil, meki PVC, pluto, platno, tekstil i mnoge krute i meke sintetike uklju\u010duju\u0107i PVC, ABS i polistiren. Vrlo pogodan za popravak predmeta kao \u0161to su cipele, torbe, igra\u010dke, korice za knjige, plo\u010dice s imenima i stvaranje (hobi) rukotvorina. Idealno prikladno za lijepljenje PVC obloge za ribnjak.<\/p>\n<p>Nije prikladno za polistirensku pjenu (Tempex\u00ae), PE, PP, PTFE i vinil.<\/p>\n","protected":false},"excerpt":{"rendered":"<p>Super sna\u017eno<br \/>\nKristalno \u010disto<br \/>\nUniverzalno kontaktno<\/p>\n","protected":false},"featured_media":0,"template":"","meta":{"_seopress_robots_primary_cat":"","_seopress_titles_title":"","_seopress_titles_desc":"","_seopress_robots_index":"","iawp_total_views":0},"product_brand":[494],"product_cat":[264,238],"product_tag":[],"class_list":{"0":"post-42575","1":"product","2":"type-product","3":"status-publish","5":"product_brand-bison","6":"product_cat-ljepila-i-brtvila-238","7":"product_cat-sve-za-dom","9":"first","10":"outofstock","11":"shipping-taxable","12":"purchasable","13":"product-type-simple"},"_links":{"self":[{"href":"https:\/\/singuli.wpress.me\/index.php\/wp-json\/wp\/v2\/product\/42575","targetHints":{"allow":["GET"]}}],"collection":[{"href":"https:\/\/singuli.wpress.me\/index.php\/wp-json\/wp\/v2\/product"}],"about":[{"href":"https:\/\/singuli.wpress.me\/index.php\/wp-json\/wp\/v2\/types\/product"}],"version-history":[{"count":0,"href":"https:\/\/singuli.wpress.me\/index.php\/wp-json\/wp\/v2\/product\/42575\/revisions"}],"wp:attachment":[{"href":"https:\/\/singuli.wpress.me\/index.php\/wp-json\/wp\/v2\/media?parent=42575"}],"wp:term":[{"taxonomy":"product_brand","embeddable":true,"href":"https:\/\/singuli.wpress.me\/index.php\/wp-json\/wp\/v2\/product_brand?post=42575"},{"taxonomy":"product_cat","embeddable":true,"href":"https:\/\/singuli.wpress.me\/index.php\/wp-json\/wp\/v2\/product_cat?post=42575"},{"taxonomy":"product_tag","embeddable":true,"href":"https:\/\/singuli.wpress.me\/index.php\/wp-json\/wp\/v2\/product_tag?post=42575"}],"curies":[{"name":"wp","href":"https:\/\/api.w.org\/{rel}","templated":true}]}}