{"id":42577,"date":"2026-04-19T15:28:27","date_gmt":"2026-04-19T15:28:27","guid":{"rendered":"https:\/\/singuli.wpress.me\/index.php\/proizvod\/sdf-motorno-ulje-special-mo-15w40-4x4l-16-l\/"},"modified":"2026-04-20T12:33:47","modified_gmt":"2026-04-20T12:33:47","slug":"sdf-motorno-ulje-special-mo-15w40-4x4l-16-l","status":"publish","type":"product","link":"https:\/\/singuli.wpress.me\/index.php\/proizvod\/sdf-motorno-ulje-special-mo-15w40-4x4l-16-l\/","title":{"rendered":"SDF, motorno ulje, SPECIAL MO 15W40, 4x4l, 16\u00a0l"},"content":{"rendered":"<p>Motorno ulje koje koristi najnoviju Low-SAPS tehnologiju aditiva koja \u0161titi moderne motore s niskom emisijom ispu\u0161nih plinova. Osigurava najbolju za\u0161titu od tro\u0161enja, manje stvaranja naslaga i  pru\u017ea stabilnosti od propadanja pri visokim temperaturama. Prikladno za motore Euro 4,5 kao i za starije modele opreme. <\/p>\n<p>Specifikacije i odobrenja: API: CJ-4, CI-4+, CI-4, CH-4, CG-4, CF-4, CF, ACEA: E9, E7, Deutz: DQC III-10 LA<\/p>\n","protected":false},"excerpt":{"rendered":"<p>Motorno ulje koje koristi najnoviju Low-SAPS tehnologiju aditiva koja \u0161titi moderne motore s niskom emisijom ispu\u0161nih plinova.<br \/>\nOsigurava najbolju za\u0161titu od tro\u0161enja, manje stvaranja naslaga i  pru\u017ea stabilnosti od propadanja pri visokim temperaturama.<br \/>\nPrikladno za motore Euro 4,5 kao i za starije modele opreme<\/p>\n","protected":false},"featured_media":0,"template":"","meta":{"_seopress_robots_primary_cat":"","_seopress_titles_title":"","_seopress_titles_desc":"","_seopress_robots_index":"","iawp_total_views":0},"product_brand":[816],"product_cat":[243,276],"product_tag":[],"class_list":{"0":"post-42577","1":"product","2":"type-product","3":"status-publish","5":"product_brand-sdf","6":"product_cat-automobili-i-motori","7":"product_cat-industrijska-i-specijalna-ulja-243","9":"first","10":"instock","11":"shipping-taxable","12":"purchasable","13":"product-type-simple"},"_links":{"self":[{"href":"https:\/\/singuli.wpress.me\/index.php\/wp-json\/wp\/v2\/product\/42577","targetHints":{"allow":["GET"]}}],"collection":[{"href":"https:\/\/singuli.wpress.me\/index.php\/wp-json\/wp\/v2\/product"}],"about":[{"href":"https:\/\/singuli.wpress.me\/index.php\/wp-json\/wp\/v2\/types\/product"}],"version-history":[{"count":0,"href":"https:\/\/singuli.wpress.me\/index.php\/wp-json\/wp\/v2\/product\/42577\/revisions"}],"wp:attachment":[{"href":"https:\/\/singuli.wpress.me\/index.php\/wp-json\/wp\/v2\/media?parent=42577"}],"wp:term":[{"taxonomy":"product_brand","embeddable":true,"href":"https:\/\/singuli.wpress.me\/index.php\/wp-json\/wp\/v2\/product_brand?post=42577"},{"taxonomy":"product_cat","embeddable":true,"href":"https:\/\/singuli.wpress.me\/index.php\/wp-json\/wp\/v2\/product_cat?post=42577"},{"taxonomy":"product_tag","embeddable":true,"href":"https:\/\/singuli.wpress.me\/index.php\/wp-json\/wp\/v2\/product_tag?post=42577"}],"curies":[{"name":"wp","href":"https:\/\/api.w.org\/{rel}","templated":true}]}}