{"id":42578,"date":"2026-04-19T15:28:28","date_gmt":"2026-04-19T15:28:28","guid":{"rendered":"https:\/\/singuli.wpress.me\/index.php\/proizvod\/tikves-tikvesko-2021-crno-vino-3-l\/"},"modified":"2026-04-20T12:33:47","modified_gmt":"2026-04-20T12:33:47","slug":"tikves-tikvesko-2021-crno-vino-3-l","status":"publish","type":"product","link":"https:\/\/singuli.wpress.me\/index.php\/proizvod\/tikves-tikvesko-2021-crno-vino-3-l\/","title":{"rendered":"TIKVE\u0160 Tikve\u0161ko 2021, crno vino, 3\u00a0l"},"content":{"rendered":"<p>Mje\u0161avina Krato\u0161ije i Merlota.<\/p>\n<p>Crno suho vino tamne rubin crvene boje, diskretne arome \u0161umskog vo\u0107a i harmoni\u010dnog okusa.<\/p>\n","protected":false},"excerpt":{"rendered":"<p>Stoljetna tradicija vinarije<br \/>\nBogati harmoni\u010dan okus<br \/>\nUgodan miris<\/p>\n","protected":false},"featured_media":0,"template":"","meta":{"_seopress_robots_primary_cat":"","_seopress_titles_title":"","_seopress_titles_desc":"","_seopress_robots_index":"","iawp_total_views":0},"product_brand":[470],"product_cat":[298,261],"product_tag":[],"class_list":{"0":"post-42578","1":"product","2":"type-product","3":"status-publish","5":"product_brand-tikves","6":"product_cat-alkoholna-pica-261","7":"product_cat-hrana-i-pice","9":"first","10":"outofstock","11":"shipping-taxable","12":"purchasable","13":"product-type-simple"},"_links":{"self":[{"href":"https:\/\/singuli.wpress.me\/index.php\/wp-json\/wp\/v2\/product\/42578","targetHints":{"allow":["GET"]}}],"collection":[{"href":"https:\/\/singuli.wpress.me\/index.php\/wp-json\/wp\/v2\/product"}],"about":[{"href":"https:\/\/singuli.wpress.me\/index.php\/wp-json\/wp\/v2\/types\/product"}],"version-history":[{"count":0,"href":"https:\/\/singuli.wpress.me\/index.php\/wp-json\/wp\/v2\/product\/42578\/revisions"}],"wp:attachment":[{"href":"https:\/\/singuli.wpress.me\/index.php\/wp-json\/wp\/v2\/media?parent=42578"}],"wp:term":[{"taxonomy":"product_brand","embeddable":true,"href":"https:\/\/singuli.wpress.me\/index.php\/wp-json\/wp\/v2\/product_brand?post=42578"},{"taxonomy":"product_cat","embeddable":true,"href":"https:\/\/singuli.wpress.me\/index.php\/wp-json\/wp\/v2\/product_cat?post=42578"},{"taxonomy":"product_tag","embeddable":true,"href":"https:\/\/singuli.wpress.me\/index.php\/wp-json\/wp\/v2\/product_tag?post=42578"}],"curies":[{"name":"wp","href":"https:\/\/api.w.org\/{rel}","templated":true}]}}