{"id":42579,"date":"2026-04-19T15:28:28","date_gmt":"2026-04-19T15:28:28","guid":{"rendered":"https:\/\/singuli.wpress.me\/index.php\/proizvod\/wahl-hybrid-sisac-s-lcd-zaslonom\/"},"modified":"2026-04-20T12:33:47","modified_gmt":"2026-04-20T12:33:47","slug":"wahl-hybrid-sisac-s-lcd-zaslonom","status":"publish","type":"product","link":"https:\/\/singuli.wpress.me\/index.php\/proizvod\/wahl-hybrid-sisac-s-lcd-zaslonom\/","title":{"rendered":"WAHL Hybrid\u00a0, \u0161i\u0161a\u010d, s LCD zaslonom"},"content":{"rendered":"<p>Kabelski\/be\u017ei\u010dni komplet za \u0161i\u0161anje s LCD-zaslonom. <\/p>\n<p>40 minuta be\u017ei\u010dnog podrezivanja. Odvojive o\u0161trice mogu se prati pod vodom za lako \u010di\u0161\u0107enje. <\/p>\n<p>Digitalni LCD zaslon prikazuje status baterije. O\u0161tre o\u0161trice omogu\u0107uju izvanredne performanse.<\/p>\n<p>8 nastavaka s \u010de\u0161lji\u0107ima: 3, 6, 10, 13, 16, 19, 22 i 25 mm.<\/p>\n","protected":false},"excerpt":{"rendered":"<p>Digitalni LCD zaslon prikazuje status baterije<br \/>\nLagan i jednostavan za kori\u0161tenje<br \/>\nO\u0161tre o\u0161trice omogu\u0107uju izvanredne performanse<\/p>\n","protected":false},"featured_media":0,"template":"","meta":{"_seopress_robots_primary_cat":"","_seopress_titles_title":"","_seopress_titles_desc":"","_seopress_robots_index":"","iawp_total_views":0},"product_brand":[159],"product_cat":[192,279],"product_tag":[],"class_list":{"0":"post-42579","1":"product","2":"type-product","3":"status-publish","5":"product_brand-wahl","6":"product_cat-aparati-za-osobnu-njegu","7":"product_cat-brijanje-i-sisanje-192","9":"first","10":"outofstock","11":"shipping-taxable","12":"purchasable","13":"product-type-simple"},"_links":{"self":[{"href":"https:\/\/singuli.wpress.me\/index.php\/wp-json\/wp\/v2\/product\/42579","targetHints":{"allow":["GET"]}}],"collection":[{"href":"https:\/\/singuli.wpress.me\/index.php\/wp-json\/wp\/v2\/product"}],"about":[{"href":"https:\/\/singuli.wpress.me\/index.php\/wp-json\/wp\/v2\/types\/product"}],"version-history":[{"count":0,"href":"https:\/\/singuli.wpress.me\/index.php\/wp-json\/wp\/v2\/product\/42579\/revisions"}],"wp:attachment":[{"href":"https:\/\/singuli.wpress.me\/index.php\/wp-json\/wp\/v2\/media?parent=42579"}],"wp:term":[{"taxonomy":"product_brand","embeddable":true,"href":"https:\/\/singuli.wpress.me\/index.php\/wp-json\/wp\/v2\/product_brand?post=42579"},{"taxonomy":"product_cat","embeddable":true,"href":"https:\/\/singuli.wpress.me\/index.php\/wp-json\/wp\/v2\/product_cat?post=42579"},{"taxonomy":"product_tag","embeddable":true,"href":"https:\/\/singuli.wpress.me\/index.php\/wp-json\/wp\/v2\/product_tag?post=42579"}],"curies":[{"name":"wp","href":"https:\/\/api.w.org\/{rel}","templated":true}]}}