{"id":42585,"date":"2026-04-19T15:28:30","date_gmt":"2026-04-19T15:28:30","guid":{"rendered":"https:\/\/singuli.wpress.me\/index.php\/proizvod\/rio-mare-fileti-skuse-sa-zara-s-ljutom-papricicom-120-g\/"},"modified":"2026-04-20T12:33:47","modified_gmt":"2026-04-20T12:33:47","slug":"rio-mare-fileti-skuse-sa-zara-s-ljutom-papricicom-120-g","status":"publish","type":"product","link":"https:\/\/singuli.wpress.me\/index.php\/proizvod\/rio-mare-fileti-skuse-sa-zara-s-ljutom-papricicom-120-g\/","title":{"rendered":"RIO MARE, fileti sku\u0161e sa \u017eara, s ljutom papri\u010dicom, 120\u00a0g"},"content":{"rendered":"<p>Autenti\u010dni i najbolji, ru\u010dno obra\u0111eni Rio Mare Fileti s ro\u0161tilja, pobolj\u0161ani su komadi\u0107ima ljute papri\u010dice za intenzivan i o\u010daravaju\u0107 okus. <\/p>\n<p>Za zdravu i uravote\u017eenu prehranu preporu\u010da se konzumirati ribu najmanje dva puta tjedno. <\/p>\n<p>Bogata Omega 3, sku\u0161a je jedna od najukusnijih i najhranjivijih vrsta plave ribe. <\/p>\n<p>Postupak pe\u010denja na \u017earu posebno pobolj\u0161ava njezin intenzivan i jedinstven okus.<\/p>\n","protected":false},"excerpt":{"rendered":"<p>Odli\u010dna nutritivna svojstva<br \/>\nDosljedna kvaliteta<br \/>\nKonzervirani filteti<\/p>\n","protected":false},"featured_media":0,"template":"","meta":{"_seopress_robots_primary_cat":"","_seopress_titles_title":"","_seopress_titles_desc":"","_seopress_robots_index":"","iawp_total_views":0},"product_brand":[456],"product_cat":[261,299],"product_tag":[],"class_list":{"0":"post-42585","1":"product","2":"type-product","3":"status-publish","5":"product_brand-rio-mare","6":"product_cat-hrana-i-pice","7":"product_cat-konzervirana-i-gotova-hrana-261","9":"first","10":"outofstock","11":"shipping-taxable","12":"purchasable","13":"product-type-simple"},"_links":{"self":[{"href":"https:\/\/singuli.wpress.me\/index.php\/wp-json\/wp\/v2\/product\/42585","targetHints":{"allow":["GET"]}}],"collection":[{"href":"https:\/\/singuli.wpress.me\/index.php\/wp-json\/wp\/v2\/product"}],"about":[{"href":"https:\/\/singuli.wpress.me\/index.php\/wp-json\/wp\/v2\/types\/product"}],"version-history":[{"count":0,"href":"https:\/\/singuli.wpress.me\/index.php\/wp-json\/wp\/v2\/product\/42585\/revisions"}],"wp:attachment":[{"href":"https:\/\/singuli.wpress.me\/index.php\/wp-json\/wp\/v2\/media?parent=42585"}],"wp:term":[{"taxonomy":"product_brand","embeddable":true,"href":"https:\/\/singuli.wpress.me\/index.php\/wp-json\/wp\/v2\/product_brand?post=42585"},{"taxonomy":"product_cat","embeddable":true,"href":"https:\/\/singuli.wpress.me\/index.php\/wp-json\/wp\/v2\/product_cat?post=42585"},{"taxonomy":"product_tag","embeddable":true,"href":"https:\/\/singuli.wpress.me\/index.php\/wp-json\/wp\/v2\/product_tag?post=42585"}],"curies":[{"name":"wp","href":"https:\/\/api.w.org\/{rel}","templated":true}]}}