{"id":42589,"date":"2026-04-19T15:28:31","date_gmt":"2026-04-19T15:28:31","guid":{"rendered":"https:\/\/singuli.wpress.me\/index.php\/proizvod\/dr-oetker-gustin-25-gratis-250-g\/"},"modified":"2026-04-21T00:27:19","modified_gmt":"2026-04-21T00:27:19","slug":"dr-oetker-gustin-25-gratis-250-g","status":"publish","type":"product","link":"https:\/\/singuli.wpress.me\/index.php\/proizvod\/dr-oetker-gustin-25-gratis-250-g\/","title":{"rendered":"DR. OETKER, gustin, +25% gratis, 250\u00a0g"},"content":{"rendered":"<p>Od samog po\u010detka davne 1898. godine pa sve do danas Dr. Oetker Gustin fini jestivi \u0161krob je provjeren dodatak pri kuhanju i pe\u010denju kola\u010da. <\/p>\n<p>Gustin je fini kukuruzni \u0161krob koji se svestrano koristi u raznim jelima; slu\u017ei za vezivanje krem juha i raznih umaka ili za jo\u0161 finije tijesto kola\u010da, keksa, torta. <\/p>\n<p>Gustin je proizvod koji ne sadr\u017ei gluten. <\/p>\n<p>Dr. Oetker Gustin fini jestivi \u0161krob koristi se u tijestima tako da zamijenite dio bra\u0161na s Gustinom kako bi tijesto bilo so\u010dnije. <\/p>\n<p>Za vezivanje krem juha i umaka dodaje se u vru\u0107e jelo uz stalno mije\u0161anje i kratko se zavrije. Koristi se prema individualnom receptu.<\/p>\n<p>Skladi\u0161tenje:\u00a0\u010cuvati na hladnom i suhom mjestu<\/p>\n","protected":false},"excerpt":{"rendered":"<p>Jestivi \u0161krob<br \/>\nKukuruzni \u0161krob koji se koristi u raznim jelima<br \/>\nNe sadr\u017ei gluten<\/p>\n","protected":false},"featured_media":0,"template":"","meta":{"_seopress_robots_primary_cat":"","_seopress_titles_title":"","_seopress_titles_desc":"","_seopress_robots_index":"","iawp_total_views":0},"product_brand":[328],"product_cat":[261,270],"product_tag":[],"class_list":{"0":"post-42589","1":"product","2":"type-product","3":"status-publish","5":"product_brand-dr-oetker","6":"product_cat-hrana-i-pice","7":"product_cat-slasticarstvo-261","9":"first","10":"outofstock","11":"shipping-taxable","12":"purchasable","13":"product-type-simple"},"_links":{"self":[{"href":"https:\/\/singuli.wpress.me\/index.php\/wp-json\/wp\/v2\/product\/42589","targetHints":{"allow":["GET"]}}],"collection":[{"href":"https:\/\/singuli.wpress.me\/index.php\/wp-json\/wp\/v2\/product"}],"about":[{"href":"https:\/\/singuli.wpress.me\/index.php\/wp-json\/wp\/v2\/types\/product"}],"version-history":[{"count":0,"href":"https:\/\/singuli.wpress.me\/index.php\/wp-json\/wp\/v2\/product\/42589\/revisions"}],"wp:attachment":[{"href":"https:\/\/singuli.wpress.me\/index.php\/wp-json\/wp\/v2\/media?parent=42589"}],"wp:term":[{"taxonomy":"product_brand","embeddable":true,"href":"https:\/\/singuli.wpress.me\/index.php\/wp-json\/wp\/v2\/product_brand?post=42589"},{"taxonomy":"product_cat","embeddable":true,"href":"https:\/\/singuli.wpress.me\/index.php\/wp-json\/wp\/v2\/product_cat?post=42589"},{"taxonomy":"product_tag","embeddable":true,"href":"https:\/\/singuli.wpress.me\/index.php\/wp-json\/wp\/v2\/product_tag?post=42589"}],"curies":[{"name":"wp","href":"https:\/\/api.w.org\/{rel}","templated":true}]}}