{"id":42595,"date":"2026-04-19T15:28:33","date_gmt":"2026-04-19T15:28:33","guid":{"rendered":"https:\/\/singuli.wpress.me\/index.php\/proizvod\/mr-proper-dezinfekcijsko-sredstvo-10x750ml\/"},"modified":"2026-04-20T12:33:47","modified_gmt":"2026-04-20T12:33:47","slug":"mr-proper-dezinfekcijsko-sredstvo-10x750ml","status":"publish","type":"product","link":"https:\/\/singuli.wpress.me\/index.php\/proizvod\/mr-proper-dezinfekcijsko-sredstvo-10x750ml\/","title":{"rendered":"MR. PROPER, dezinfekcijsko sredstvo, 10x750ml"},"content":{"rendered":"<p>Mr Proper Professional je sprej za \u010di\u0161\u0107enje i dezinfekciju razli\u010ditih povr\u0161ina uklju\u010duju\u0107i nehr\u0111aju\u0107i \u010delik i staklo.<\/p>\n","protected":false},"excerpt":{"rendered":"<p>Sprej za \u010di\u0161\u0107enje<br \/>\nDezinficira<br \/>\nMo\u017ee se koristiti na razli\u010ditim povr\u0161inama<\/p>\n","protected":false},"featured_media":0,"template":"","meta":{"_seopress_robots_primary_cat":"","_seopress_titles_title":"","_seopress_titles_desc":"","_seopress_robots_index":"","iawp_total_views":0},"product_brand":[521],"product_cat":[284,238],"product_tag":[],"class_list":{"0":"post-42595","1":"product","2":"type-product","3":"status-publish","5":"product_brand-mr-proper","6":"product_cat-sredstva-za-ciscenje-238","7":"product_cat-sve-za-dom","9":"first","10":"outofstock","11":"shipping-taxable","12":"purchasable","13":"product-type-simple"},"_links":{"self":[{"href":"https:\/\/singuli.wpress.me\/index.php\/wp-json\/wp\/v2\/product\/42595","targetHints":{"allow":["GET"]}}],"collection":[{"href":"https:\/\/singuli.wpress.me\/index.php\/wp-json\/wp\/v2\/product"}],"about":[{"href":"https:\/\/singuli.wpress.me\/index.php\/wp-json\/wp\/v2\/types\/product"}],"version-history":[{"count":0,"href":"https:\/\/singuli.wpress.me\/index.php\/wp-json\/wp\/v2\/product\/42595\/revisions"}],"wp:attachment":[{"href":"https:\/\/singuli.wpress.me\/index.php\/wp-json\/wp\/v2\/media?parent=42595"}],"wp:term":[{"taxonomy":"product_brand","embeddable":true,"href":"https:\/\/singuli.wpress.me\/index.php\/wp-json\/wp\/v2\/product_brand?post=42595"},{"taxonomy":"product_cat","embeddable":true,"href":"https:\/\/singuli.wpress.me\/index.php\/wp-json\/wp\/v2\/product_cat?post=42595"},{"taxonomy":"product_tag","embeddable":true,"href":"https:\/\/singuli.wpress.me\/index.php\/wp-json\/wp\/v2\/product_tag?post=42595"}],"curies":[{"name":"wp","href":"https:\/\/api.w.org\/{rel}","templated":true}]}}