{"id":42600,"date":"2026-04-19T15:28:34","date_gmt":"2026-04-19T15:28:34","guid":{"rendered":"https:\/\/singuli.wpress.me\/index.php\/proizvod\/duck-active-clean-first-kiss-flowers-osvjezivac-wc-skoljke-38-6-g\/"},"modified":"2026-04-20T12:33:47","modified_gmt":"2026-04-20T12:33:47","slug":"duck-active-clean-first-kiss-flowers-osvjezivac-wc-skoljke-38-6-g","status":"publish","type":"product","link":"https:\/\/singuli.wpress.me\/index.php\/proizvod\/duck-active-clean-first-kiss-flowers-osvjezivac-wc-skoljke-38-6-g\/","title":{"rendered":"DUCK Active Clean First Kiss Flowers, osvje\u017eiva\u010d wc \u0161koljke, 38.6\u00a0g"},"content":{"rendered":"<p>Duck\u00ae Active Clean bogata pjena osigurava dubinsko \u010di\u0161\u0107enje i dugotrajnu svje\u017einu te odr\u017eava Va\u0161u WC \u0161koljku blistavom do zadnjeg ispiranja. <\/p>\n<p>Prizovite prolje\u0107e uz miris Duck\u00ae limited edition miris First Kiss Flowers.<\/p>\n<p>Upute za uporabu:<br \/>\nPobrinite se da je Va\u0161a WC \u0161koljka \u010dista.<br \/>\n1. Odmotajte kukicu i pri\u010dvrstite ko\u0161aricu uz rub WC \u0161koljke. <br \/>\n2. Pri\u010dvrstite ko\u0161aricu na mjesto gdje ju mlaz vode mo\u017ee aktivirati. <br \/>\n3. Uklonite proizvod kada je potpuno potro\u0161en.<br \/>\nOdvojite i reciklirajte karton, blister i praznu ko\u0161aricu. Provjerite prema lokalnom planu za recikliranje.<\/p>\n","protected":false},"excerpt":{"rendered":"<p>Osigurava dubinsko \u010di\u0161\u0107enje<br \/>\nOdr\u017eava \u010disto\u0107u<br \/>\nDugotrajna svje\u017eina<\/p>\n","protected":false},"featured_media":0,"template":"","meta":{"_seopress_robots_primary_cat":"","_seopress_titles_title":"","_seopress_titles_desc":"","_seopress_robots_index":"","iawp_total_views":0},"product_brand":[410],"product_cat":[284,238],"product_tag":[],"class_list":{"0":"post-42600","1":"product","2":"type-product","3":"status-publish","5":"product_brand-duck","6":"product_cat-sredstva-za-ciscenje-238","7":"product_cat-sve-za-dom","9":"first","10":"outofstock","11":"shipping-taxable","12":"purchasable","13":"product-type-simple"},"_links":{"self":[{"href":"https:\/\/singuli.wpress.me\/index.php\/wp-json\/wp\/v2\/product\/42600","targetHints":{"allow":["GET"]}}],"collection":[{"href":"https:\/\/singuli.wpress.me\/index.php\/wp-json\/wp\/v2\/product"}],"about":[{"href":"https:\/\/singuli.wpress.me\/index.php\/wp-json\/wp\/v2\/types\/product"}],"version-history":[{"count":0,"href":"https:\/\/singuli.wpress.me\/index.php\/wp-json\/wp\/v2\/product\/42600\/revisions"}],"wp:attachment":[{"href":"https:\/\/singuli.wpress.me\/index.php\/wp-json\/wp\/v2\/media?parent=42600"}],"wp:term":[{"taxonomy":"product_brand","embeddable":true,"href":"https:\/\/singuli.wpress.me\/index.php\/wp-json\/wp\/v2\/product_brand?post=42600"},{"taxonomy":"product_cat","embeddable":true,"href":"https:\/\/singuli.wpress.me\/index.php\/wp-json\/wp\/v2\/product_cat?post=42600"},{"taxonomy":"product_tag","embeddable":true,"href":"https:\/\/singuli.wpress.me\/index.php\/wp-json\/wp\/v2\/product_tag?post=42600"}],"curies":[{"name":"wp","href":"https:\/\/api.w.org\/{rel}","templated":true}]}}