{"id":42607,"date":"2026-04-19T15:28:35","date_gmt":"2026-04-19T15:28:35","guid":{"rendered":"https:\/\/singuli.wpress.me\/index.php\/proizvod\/ariel-color-praskasti-deterdzent-7-15kg-110-pranja\/"},"modified":"2026-04-20T12:33:47","modified_gmt":"2026-04-20T12:33:47","slug":"ariel-color-praskasti-deterdzent-7-15kg-110-pranja","status":"publish","type":"product","link":"https:\/\/singuli.wpress.me\/index.php\/proizvod\/ariel-color-praskasti-deterdzent-7-15kg-110-pranja\/","title":{"rendered":"ARIEL Color+, pra\u0161kasti deterd\u017eent, 7.15kg, 110\u00a0pranja"},"content":{"rendered":"<p>Pra\u0161kasti deterd\u017eent Ariel Professional Color profesionalni je deterd\u017eent posebno formuliran kako bi o\u010distio za 5 zvjezdica, ba\u0161 kako tra\u017ee profesionalci: odli\u010dno uklanja mrlje, dubinski \u010disti i svje\u017e miris te je u\u010dinkovit pri niskim temperaturama.<\/p>\n","protected":false},"excerpt":{"rendered":"<p>Blistavo \u010di\u0161\u0107enje i na ni\u017eim temperaturama pranja<br \/>\nDubinsko, higijensko \u010di\u0161\u0107enje i za\u0161tita boja<br \/>\nJedinstvena tehnologija za brzo otapanje u vodi<\/p>\n","protected":false},"featured_media":0,"template":"","meta":{"_seopress_robots_primary_cat":"","_seopress_titles_title":"","_seopress_titles_desc":"","_seopress_robots_index":"","iawp_total_views":0},"product_brand":[427],"product_cat":[283,238],"product_tag":[],"class_list":{"0":"post-42607","1":"product","2":"type-product","3":"status-publish","5":"product_brand-ariel","6":"product_cat-pranje-rublja-238","7":"product_cat-sve-za-dom","9":"first","10":"outofstock","11":"shipping-taxable","12":"purchasable","13":"product-type-simple"},"_links":{"self":[{"href":"https:\/\/singuli.wpress.me\/index.php\/wp-json\/wp\/v2\/product\/42607","targetHints":{"allow":["GET"]}}],"collection":[{"href":"https:\/\/singuli.wpress.me\/index.php\/wp-json\/wp\/v2\/product"}],"about":[{"href":"https:\/\/singuli.wpress.me\/index.php\/wp-json\/wp\/v2\/types\/product"}],"version-history":[{"count":0,"href":"https:\/\/singuli.wpress.me\/index.php\/wp-json\/wp\/v2\/product\/42607\/revisions"}],"wp:attachment":[{"href":"https:\/\/singuli.wpress.me\/index.php\/wp-json\/wp\/v2\/media?parent=42607"}],"wp:term":[{"taxonomy":"product_brand","embeddable":true,"href":"https:\/\/singuli.wpress.me\/index.php\/wp-json\/wp\/v2\/product_brand?post=42607"},{"taxonomy":"product_cat","embeddable":true,"href":"https:\/\/singuli.wpress.me\/index.php\/wp-json\/wp\/v2\/product_cat?post=42607"},{"taxonomy":"product_tag","embeddable":true,"href":"https:\/\/singuli.wpress.me\/index.php\/wp-json\/wp\/v2\/product_tag?post=42607"}],"curies":[{"name":"wp","href":"https:\/\/api.w.org\/{rel}","templated":true}]}}