{"id":42612,"date":"2026-04-19T15:28:36","date_gmt":"2026-04-19T15:28:36","guid":{"rendered":"https:\/\/singuli.wpress.me\/index.php\/proizvod\/always-ultra-normal-higijenski-ulosci-40-kom\/"},"modified":"2026-04-21T00:27:19","modified_gmt":"2026-04-21T00:27:19","slug":"always-ultra-normal-higijenski-ulosci-40-kom","status":"publish","type":"product","link":"https:\/\/singuli.wpress.me\/index.php\/proizvod\/always-ultra-normal-higijenski-ulosci-40-kom\/","title":{"rendered":"ALWAYS Ultra Normal, higijenski ulo\u0161ci, 40\u00a0kom"},"content":{"rendered":"<p>Ne pristajte na ni\u0161ta manje od trostruke za\u0161tite: pri izradi higijenskog ulo\u0161ka s krilcima Always Ultra Normal (veli\u010dina 1) koristi se najnovija tehnologija kako bi se proizveo multifunkcionalni ulo\u017eak s tri za\u0161titne zna\u010dajke. Sustav InstantDry upija teku\u0107inu u nekoliko sekundi i dr\u017ei vla\u017enost podalje od ko\u017ee. Tehnologija LeakGuard zadr\u017eava teku\u0107inu i poma\u017ee sprije\u010diti propu\u0161tanje. Tu je i tehnologija OdourLock koja neutralizira neugodne mirise kako biste se osje\u0107ali svje\u017ee i \u010disto tijekom mjese\u010dnice. Uz Always Ultra mo\u017eete se osje\u0107ati samopouzdano tijekom cijelog dana. Nemojte pristati na ni\u0161ta manje od trostruke za\u0161tite koju pru\u017ea Always.Dermatolo\u0161ki odobrilo udru\u017eenje Skin Health Alliance. Isprobajte Always Ultra Secure Night Extra s krilcima, najbolje Alwaysove higijenske ulo\u0161ke za za\u0161titu tijekom no\u0107i.Prona\u0111ite svoju idealnu veli\u010dinu pomo\u0107u sustava Always My Fit koji poma\u017ee u odabiru prikladne veli\u010dine ulo\u0161ka za najbolju Alwaysovu za\u0161titu na temelju obilnosti mjese\u010dnice i veli\u010dine ga\u0107ica.<\/p>\n","protected":false},"excerpt":{"rendered":"<p>Super upijaju\u0107a jezgra<br \/>\nS krilcima koja omogu\u0107uju osje\u0107aj sigurnosti od pomicanja ulo\u0161ka<br \/>\nDermatolo\u0161ki provjereno<\/p>\n","protected":false},"featured_media":0,"template":"","meta":{"_seopress_robots_primary_cat":"","_seopress_titles_title":"","_seopress_titles_desc":"","_seopress_robots_index":"","iawp_total_views":0},"product_brand":[449],"product_cat":[211,288],"product_tag":[],"class_list":{"0":"post-42612","1":"product","2":"type-product","3":"status-publish","5":"product_brand-always","6":"product_cat-njega-majke-i-djeteta","7":"product_cat-zenska-higijena-211","9":"first","10":"outofstock","11":"shipping-taxable","12":"purchasable","13":"product-type-simple"},"_links":{"self":[{"href":"https:\/\/singuli.wpress.me\/index.php\/wp-json\/wp\/v2\/product\/42612","targetHints":{"allow":["GET"]}}],"collection":[{"href":"https:\/\/singuli.wpress.me\/index.php\/wp-json\/wp\/v2\/product"}],"about":[{"href":"https:\/\/singuli.wpress.me\/index.php\/wp-json\/wp\/v2\/types\/product"}],"version-history":[{"count":0,"href":"https:\/\/singuli.wpress.me\/index.php\/wp-json\/wp\/v2\/product\/42612\/revisions"}],"wp:attachment":[{"href":"https:\/\/singuli.wpress.me\/index.php\/wp-json\/wp\/v2\/media?parent=42612"}],"wp:term":[{"taxonomy":"product_brand","embeddable":true,"href":"https:\/\/singuli.wpress.me\/index.php\/wp-json\/wp\/v2\/product_brand?post=42612"},{"taxonomy":"product_cat","embeddable":true,"href":"https:\/\/singuli.wpress.me\/index.php\/wp-json\/wp\/v2\/product_cat?post=42612"},{"taxonomy":"product_tag","embeddable":true,"href":"https:\/\/singuli.wpress.me\/index.php\/wp-json\/wp\/v2\/product_tag?post=42612"}],"curies":[{"name":"wp","href":"https:\/\/api.w.org\/{rel}","templated":true}]}}