{"id":42614,"date":"2026-04-19T15:28:37","date_gmt":"2026-04-19T15:28:37","guid":{"rendered":"https:\/\/singuli.wpress.me\/index.php\/proizvod\/twistshake-tanjuric-pastel-plava-6m\/"},"modified":"2026-04-20T12:33:47","modified_gmt":"2026-04-20T12:33:47","slug":"twistshake-tanjuric-pastel-plava-6m","status":"publish","type":"product","link":"https:\/\/singuli.wpress.me\/index.php\/proizvod\/twistshake-tanjuric-pastel-plava-6m\/","title":{"rendered":"TWISTSHAKE, tanjuri\u0107, pastel plava 6+m"},"content":{"rendered":"<p>Tanjuri\u0107 Twistshake ima podlo\u017eak na dnu, \u0161to sprje\u010dava klizanje sa stola. Oblik se savr\u0161eno uklapa u novi Twistshake pribor. Tako\u0111er ima pametan poklopac, na kojeg mo\u017eete pri\u010dvrstiti drugu zdjelicu, pa je obrok spreman za putovanje ili pohranjivanje. Zahvaljuju\u0107i novoj funkciji TWISTCLICK, mo\u017eete istovremeno staviti dvije ili vi\u0161e zdjelica i tanjuri\u0107a!<\/p>\n","protected":false},"excerpt":{"rendered":"<p>Podlo\u017eak na dnu<br \/>\nFunkcija Twistclick &#8211; istovremeno se mogu staviti dvije ili vi\u0161e zdjelica i tanjuri\u0107a<br \/>\nPametan poklopac<\/p>\n","protected":false},"featured_media":0,"template":"","meta":{"_seopress_robots_primary_cat":"","_seopress_titles_title":"","_seopress_titles_desc":"","_seopress_robots_index":"","iawp_total_views":0},"product_brand":[433],"product_cat":[274,238],"product_tag":[],"class_list":{"0":"post-42614","1":"product","2":"type-product","3":"status-publish","5":"product_brand-twistshake","6":"product_cat-kucanski-pribor-238","7":"product_cat-sve-za-dom","9":"first","10":"outofstock","11":"shipping-taxable","12":"purchasable","13":"product-type-simple"},"_links":{"self":[{"href":"https:\/\/singuli.wpress.me\/index.php\/wp-json\/wp\/v2\/product\/42614","targetHints":{"allow":["GET"]}}],"collection":[{"href":"https:\/\/singuli.wpress.me\/index.php\/wp-json\/wp\/v2\/product"}],"about":[{"href":"https:\/\/singuli.wpress.me\/index.php\/wp-json\/wp\/v2\/types\/product"}],"version-history":[{"count":0,"href":"https:\/\/singuli.wpress.me\/index.php\/wp-json\/wp\/v2\/product\/42614\/revisions"}],"wp:attachment":[{"href":"https:\/\/singuli.wpress.me\/index.php\/wp-json\/wp\/v2\/media?parent=42614"}],"wp:term":[{"taxonomy":"product_brand","embeddable":true,"href":"https:\/\/singuli.wpress.me\/index.php\/wp-json\/wp\/v2\/product_brand?post=42614"},{"taxonomy":"product_cat","embeddable":true,"href":"https:\/\/singuli.wpress.me\/index.php\/wp-json\/wp\/v2\/product_cat?post=42614"},{"taxonomy":"product_tag","embeddable":true,"href":"https:\/\/singuli.wpress.me\/index.php\/wp-json\/wp\/v2\/product_tag?post=42614"}],"curies":[{"name":"wp","href":"https:\/\/api.w.org\/{rel}","templated":true}]}}