{"id":42621,"date":"2026-04-19T15:28:38","date_gmt":"2026-04-19T15:28:38","guid":{"rendered":"https:\/\/singuli.wpress.me\/index.php\/proizvod\/fine-guard-dezinficijens-za-tkanine-150-ml\/"},"modified":"2026-04-20T12:33:47","modified_gmt":"2026-04-20T12:33:47","slug":"fine-guard-dezinficijens-za-tkanine-150-ml","status":"publish","type":"product","link":"https:\/\/singuli.wpress.me\/index.php\/proizvod\/fine-guard-dezinficijens-za-tkanine-150-ml\/","title":{"rendered":"FINE GUARD, dezinficijens, za tkanine, 150\u00a0ml"},"content":{"rendered":"<p>Fine Guard FabricBooster sredstvo za dezinfekciju tekstila i tkanina ubija 99,9% bakterija i virusa i dr\u017ei ih podalje 48 sati. Nakon \u0161to ste poprskali tekstil po svom izboru, ono ostaje za\u0161ti\u0107eno 48 sati.<\/p>\n<p>Sigurno je za kori\u0161tenje na bijelom tekstilu kao i na obojanom.<\/p>\n<p>Formula u spreju.<\/p>\n<p>Ubija 99.99% virusa i bakterija.<\/p>\n<p>1 aplikacija na povr\u0161inu \u0161titi Va\u0161u odje\u0107u ili drugu vrstu tekstila do 48 sati!<\/p>\n<p>Bez alkohola.<\/p>\n<p>Ostavlja nevidljivi antimikrobni \u0161tit.<\/p>\n<p>150ml<\/p>\n<p>Odli\u010dno za putovanja, najbolja za\u0161tita \u201eto go\u201d!<\/p>\n","protected":false},"excerpt":{"rendered":"<p>Sredstvo ubija 99.99% virusa i bakterija<br \/>\nDr\u017ei viruse i bakterije podalje \u010dak 21 dan<br \/>\nDermatolo\u0161ki testirano<\/p>\n","protected":false},"featured_media":0,"template":"","meta":{"_seopress_robots_primary_cat":"","_seopress_titles_title":"","_seopress_titles_desc":"","_seopress_robots_index":"","iawp_total_views":0},"product_brand":[825],"product_cat":[284,238],"product_tag":[],"class_list":{"0":"post-42621","1":"product","2":"type-product","3":"status-publish","5":"product_brand-fine-guard","6":"product_cat-sredstva-za-ciscenje-238","7":"product_cat-sve-za-dom","9":"first","10":"outofstock","11":"shipping-taxable","12":"purchasable","13":"product-type-simple"},"_links":{"self":[{"href":"https:\/\/singuli.wpress.me\/index.php\/wp-json\/wp\/v2\/product\/42621","targetHints":{"allow":["GET"]}}],"collection":[{"href":"https:\/\/singuli.wpress.me\/index.php\/wp-json\/wp\/v2\/product"}],"about":[{"href":"https:\/\/singuli.wpress.me\/index.php\/wp-json\/wp\/v2\/types\/product"}],"version-history":[{"count":0,"href":"https:\/\/singuli.wpress.me\/index.php\/wp-json\/wp\/v2\/product\/42621\/revisions"}],"wp:attachment":[{"href":"https:\/\/singuli.wpress.me\/index.php\/wp-json\/wp\/v2\/media?parent=42621"}],"wp:term":[{"taxonomy":"product_brand","embeddable":true,"href":"https:\/\/singuli.wpress.me\/index.php\/wp-json\/wp\/v2\/product_brand?post=42621"},{"taxonomy":"product_cat","embeddable":true,"href":"https:\/\/singuli.wpress.me\/index.php\/wp-json\/wp\/v2\/product_cat?post=42621"},{"taxonomy":"product_tag","embeddable":true,"href":"https:\/\/singuli.wpress.me\/index.php\/wp-json\/wp\/v2\/product_tag?post=42621"}],"curies":[{"name":"wp","href":"https:\/\/api.w.org\/{rel}","templated":true}]}}