{"id":42623,"date":"2026-04-19T15:28:39","date_gmt":"2026-04-19T15:28:39","guid":{"rendered":"https:\/\/singuli.wpress.me\/index.php\/proizvod\/pampers-active-baby-pelene-velicina-4-9-14kg-180-kom-2\/"},"modified":"2026-04-20T12:33:47","modified_gmt":"2026-04-20T12:33:47","slug":"pampers-active-baby-pelene-velicina-4-9-14kg-180-kom-2","status":"publish","type":"product","link":"https:\/\/singuli.wpress.me\/index.php\/proizvod\/pampers-active-baby-pelene-velicina-4-9-14kg-180-kom-2\/","title":{"rendered":"PAMPERS Active Baby, pelene, Veli\u010dina 4, 9-14kg, 180\u00a0kom"},"content":{"rendered":"<p>Va\u0161a se beba mo\u017ee pomicati dvostruko vi\u0161e nego vi tijekom spavanja, \u0161to mo\u017ee dovesti do curenja pelena. <span style=\"font-weight: bold\">Pampers Active Baby<\/span> pelene pru\u017eaju sveobuhvatnu za\u0161titu od curenja danju i no\u0107u zahvaljuju\u0107i jedinstvenom trosmjernom sustavu za\u0161tite koji trenutno upija teku\u0107inu i poma\u017ee sprije\u010diti curenje oko struka i na preklopima nogu.<\/p>\n<p>1. Njihova jezgra koja se brzo su\u0161i odmah upija teku\u0107inu<br \/>\n2. Njihovi za\u0161titni poklopci za noge poma\u017eu sprije\u010diti curenje oko nogu<br \/>\n3. Njihova fleksibilna krila udobno se prilago\u0111avaju oko struka va\u0161eg djeteta za sigurno pristajanje tako da mogu u\u017eivati \u200b\u200bu dobroj za\u0161titi od curenja danju i no\u0107u bez obzira na to koliko se kre\u0107u.<\/p>\n<p>Sigurnost va\u0161e bebe glavni je prioritet Pampersa. Pampers Active Baby-dry pelene odobrene su od Skin Health Alliance.<\/p>\n<p>&#8211; Sveobuhvatna za\u0161tita od izbijanja ko\u017ee danju i no\u0107u.<br \/>\n&#8211; Pelene s brzosu\u0161e\u0107om jezgrom koja odmah upija teku\u0107inu.<br \/>\n&#8211; Za\u0161titni poklopci za noge sprje\u010davaju curenje oko nogu.<br \/>\n&#8211; Fleksibilna krilca udobno se prilago\u0111avaju oko struka va\u0161eg djeteta za sigurno pristajanje.<br \/>\n&#8211; SAVEZ ZA ZDRAVLJE KO\u017dE. Odobreno od dermatologa (saznajte vi\u0161e na pampers.com).<br \/>\n&#8211; Gornji sloj koji dodiruje bebinu ko\u017eu izra\u0111en je od mekanog materijala nalik pamuku (ne sadr\u017ei pamuk).<br \/>\n&#8211; Dodatni sloj za osje\u0107aj suho\u0107e poma\u017ee ravnomjerno rasporediti vlagu i brzo je odvodi od bebine ko\u017ee.<br \/>\n&#8211; Oblik pelene pokazuje koji je dio prednji, a koji stra\u017enji dio.<\/p>\n","protected":false},"excerpt":{"rendered":"<p>Dnevna i no\u0107na za\u0161tita od curenja.<br \/>\nS brzosu\u0161e\u0107om upijaju\u0107om jezgrom<br \/>\nUdobno pristaju oko struka djeteta<\/p>\n","protected":false},"featured_media":0,"template":"","meta":{"_seopress_robots_primary_cat":"","_seopress_titles_title":"","_seopress_titles_desc":"","_seopress_robots_index":"","iawp_total_views":0},"product_brand":[444],"product_cat":[211,310],"product_tag":[],"class_list":{"0":"post-42623","1":"product","2":"type-product","3":"status-publish","5":"product_brand-pampers","6":"product_cat-njega-majke-i-djeteta","7":"product_cat-pelene-211","9":"first","10":"outofstock","11":"shipping-taxable","12":"purchasable","13":"product-type-simple"},"_links":{"self":[{"href":"https:\/\/singuli.wpress.me\/index.php\/wp-json\/wp\/v2\/product\/42623","targetHints":{"allow":["GET"]}}],"collection":[{"href":"https:\/\/singuli.wpress.me\/index.php\/wp-json\/wp\/v2\/product"}],"about":[{"href":"https:\/\/singuli.wpress.me\/index.php\/wp-json\/wp\/v2\/types\/product"}],"version-history":[{"count":0,"href":"https:\/\/singuli.wpress.me\/index.php\/wp-json\/wp\/v2\/product\/42623\/revisions"}],"wp:attachment":[{"href":"https:\/\/singuli.wpress.me\/index.php\/wp-json\/wp\/v2\/media?parent=42623"}],"wp:term":[{"taxonomy":"product_brand","embeddable":true,"href":"https:\/\/singuli.wpress.me\/index.php\/wp-json\/wp\/v2\/product_brand?post=42623"},{"taxonomy":"product_cat","embeddable":true,"href":"https:\/\/singuli.wpress.me\/index.php\/wp-json\/wp\/v2\/product_cat?post=42623"},{"taxonomy":"product_tag","embeddable":true,"href":"https:\/\/singuli.wpress.me\/index.php\/wp-json\/wp\/v2\/product_tag?post=42623"}],"curies":[{"name":"wp","href":"https:\/\/api.w.org\/{rel}","templated":true}]}}