{"id":42627,"date":"2026-04-19T15:28:41","date_gmt":"2026-04-19T15:28:41","guid":{"rendered":"https:\/\/singuli.wpress.me\/index.php\/proizvod\/fisher-price-daljinski-za-sveznalice\/"},"modified":"2026-04-21T00:27:19","modified_gmt":"2026-04-21T00:27:19","slug":"fisher-price-daljinski-za-sveznalice","status":"publish","type":"product","link":"https:\/\/singuli.wpress.me\/index.php\/proizvod\/fisher-price-daljinski-za-sveznalice\/","title":{"rendered":"FISHER PRICE, daljinski za sveznalice"},"content":{"rendered":"<p>Fisher-Price daljinski za Sveznalice izgleda kao pravi daljinski, ali je prave veli\u010dine kako bi ga ru\u010dice mogle uhvatiti, istra\u017eivati i igrati se s njim. <\/p>\n<p>Kada va\u0161a beba pritisne tipku sa slovima, brojevima ili notom, \u010dut \u0107e preko 20 pjesmica i izraza koji podu\u010davaju abecedu, brojenje od 1 do 10 i boje, a ekran s nasmijanim licem \u0107e zasvijetliti. <\/p>\n<p>Beba \u0107e se dodatno zabaviti s vrte\u0107i kolut i priti\u0161\u0107u\u0107i prekida\u010d sa strane. <\/p>\n<p>Dob: 6-36 mjeseci. <\/p>\n","protected":false},"excerpt":{"rendered":"<p>preko 20 pjesmica i izraza koji podu\u010davaju abecedu<br \/>\nBrojevi od 1 do 10 i boje<br \/>\nDob: 6-36 mjeseci<\/p>\n","protected":false},"featured_media":0,"template":"","meta":{"_seopress_robots_primary_cat":"","_seopress_titles_title":"","_seopress_titles_desc":"","_seopress_robots_index":"","iawp_total_views":0},"product_brand":[458],"product_cat":[221,291],"product_tag":[],"class_list":{"0":"post-42627","1":"product","2":"type-product","3":"status-publish","5":"product_brand-fisher-price","6":"product_cat-igracke","7":"product_cat-igracke-za-djecu-221","9":"first","10":"instock","11":"shipping-taxable","12":"purchasable","13":"product-type-simple"},"_links":{"self":[{"href":"https:\/\/singuli.wpress.me\/index.php\/wp-json\/wp\/v2\/product\/42627","targetHints":{"allow":["GET"]}}],"collection":[{"href":"https:\/\/singuli.wpress.me\/index.php\/wp-json\/wp\/v2\/product"}],"about":[{"href":"https:\/\/singuli.wpress.me\/index.php\/wp-json\/wp\/v2\/types\/product"}],"version-history":[{"count":0,"href":"https:\/\/singuli.wpress.me\/index.php\/wp-json\/wp\/v2\/product\/42627\/revisions"}],"wp:attachment":[{"href":"https:\/\/singuli.wpress.me\/index.php\/wp-json\/wp\/v2\/media?parent=42627"}],"wp:term":[{"taxonomy":"product_brand","embeddable":true,"href":"https:\/\/singuli.wpress.me\/index.php\/wp-json\/wp\/v2\/product_brand?post=42627"},{"taxonomy":"product_cat","embeddable":true,"href":"https:\/\/singuli.wpress.me\/index.php\/wp-json\/wp\/v2\/product_cat?post=42627"},{"taxonomy":"product_tag","embeddable":true,"href":"https:\/\/singuli.wpress.me\/index.php\/wp-json\/wp\/v2\/product_tag?post=42627"}],"curies":[{"name":"wp","href":"https:\/\/api.w.org\/{rel}","templated":true}]}}