{"id":42631,"date":"2026-04-19T15:28:43","date_gmt":"2026-04-19T15:28:43","guid":{"rendered":"https:\/\/singuli.wpress.me\/index.php\/proizvod\/pampers-aqua-pure-vlazne-maramice-9-pakiranja-432-kom\/"},"modified":"2026-04-21T00:27:19","modified_gmt":"2026-04-21T00:27:19","slug":"pampers-aqua-pure-vlazne-maramice-9-pakiranja-432-kom","status":"publish","type":"product","link":"https:\/\/singuli.wpress.me\/index.php\/proizvod\/pampers-aqua-pure-vlazne-maramice-9-pakiranja-432-kom\/","title":{"rendered":"PAMPERS Aqua Pure, vla\u017ene maramice, 9 pakiranja, 432\u00a0kom"},"content":{"rendered":"<p>Vla\u017ene maramice Pampers Aqua Pure &#8211; izra\u0111ene s 99% vode i organskog pamuka &#8211; poma\u017eu za\u0161tititi nje\u017enu ko\u017ee va\u0161e bebe. Ne sadr\u017ee alkohol ni dodane mirise. <\/p>\n<p>Preostalih 1% sastojaka \u010dine dermatolo\u0161ki testirana nje\u017ena sredstva za \u010di\u0161\u0107enje i Pampersovi provjereni sastojci koji poma\u017eu odr\u017eati pH ravnote\u017eu bebine ko\u017ee i \u0161tite je od iritacija. <\/p>\n<p>Vla\u017ene maramice Aqua Pure sigurne su za nje\u017enu ko\u017eu va\u0161eg djeteta.<\/p>\n","protected":false},"excerpt":{"rendered":"<p>99 % prirodnih sastojaka (voda i organski pamuk)<br \/>\n1 % dermatolo\u0161ki testiranih za\u0161titnih sastojaka<br \/>\n0 % alkohola i dodanih mirisa<\/p>\n","protected":false},"featured_media":0,"template":"","meta":{"_seopress_robots_primary_cat":"","_seopress_titles_title":"","_seopress_titles_desc":"","_seopress_robots_index":"","iawp_total_views":0},"product_brand":[444],"product_cat":[268,278],"product_tag":[],"class_list":{"0":"post-42631","1":"product","2":"type-product","3":"status-publish","5":"product_brand-pampers","6":"product_cat-kozmetika-2","7":"product_cat-njega-tijela-268","9":"first","10":"outofstock","11":"shipping-taxable","12":"purchasable","13":"product-type-simple"},"_links":{"self":[{"href":"https:\/\/singuli.wpress.me\/index.php\/wp-json\/wp\/v2\/product\/42631","targetHints":{"allow":["GET"]}}],"collection":[{"href":"https:\/\/singuli.wpress.me\/index.php\/wp-json\/wp\/v2\/product"}],"about":[{"href":"https:\/\/singuli.wpress.me\/index.php\/wp-json\/wp\/v2\/types\/product"}],"version-history":[{"count":0,"href":"https:\/\/singuli.wpress.me\/index.php\/wp-json\/wp\/v2\/product\/42631\/revisions"}],"wp:attachment":[{"href":"https:\/\/singuli.wpress.me\/index.php\/wp-json\/wp\/v2\/media?parent=42631"}],"wp:term":[{"taxonomy":"product_brand","embeddable":true,"href":"https:\/\/singuli.wpress.me\/index.php\/wp-json\/wp\/v2\/product_brand?post=42631"},{"taxonomy":"product_cat","embeddable":true,"href":"https:\/\/singuli.wpress.me\/index.php\/wp-json\/wp\/v2\/product_cat?post=42631"},{"taxonomy":"product_tag","embeddable":true,"href":"https:\/\/singuli.wpress.me\/index.php\/wp-json\/wp\/v2\/product_tag?post=42631"}],"curies":[{"name":"wp","href":"https:\/\/api.w.org\/{rel}","templated":true}]}}