{"id":42633,"date":"2026-04-19T15:28:44","date_gmt":"2026-04-19T15:28:44","guid":{"rendered":"https:\/\/singuli.wpress.me\/index.php\/proizvod\/domo-do9176rk-kuhalo-za-rizu\/"},"modified":"2026-04-20T12:33:47","modified_gmt":"2026-04-20T12:33:47","slug":"domo-do9176rk-kuhalo-za-rizu","status":"publish","type":"product","link":"https:\/\/singuli.wpress.me\/index.php\/proizvod\/domo-do9176rk-kuhalo-za-rizu\/","title":{"rendered":"DOMO DO9176RK, kuhalo za ri\u017eu"},"content":{"rendered":"<p>Napravite ukusnu laganu ri\u017eu svaki put s DOMO<br \/>\nkuhalom za ri\u017eu PUUR DO9176RK. Teflonski premaz osigurava da se<br \/>\nri\u017ea ne lijepi za kuhalo.<\/p>\n","protected":false},"excerpt":{"rendered":"<p>Dugotrajna uklonjiva posuda s teflonskim neprianjaju\u0107im premazom<br \/>\nJednostavan za kori\u0161tenje<br \/>\nUklju\u010duje: mjerni vr\u010d, grabilicu za ri\u017eu, ko\u0161aru za kuhanje na pari<\/p>\n","protected":false},"featured_media":0,"template":"","meta":{"_seopress_robots_primary_cat":"","_seopress_titles_title":"","_seopress_titles_desc":"","_seopress_robots_index":"","iawp_total_views":0},"product_brand":[255],"product_cat":[192,267],"product_tag":[],"class_list":{"0":"post-42633","1":"product","2":"type-product","3":"status-publish","5":"product_brand-domo","6":"product_cat-aparati-za-osobnu-njegu","7":"product_cat-zdravstveni-uredaji-192","9":"first","10":"outofstock","11":"shipping-taxable","12":"purchasable","13":"product-type-simple"},"_links":{"self":[{"href":"https:\/\/singuli.wpress.me\/index.php\/wp-json\/wp\/v2\/product\/42633","targetHints":{"allow":["GET"]}}],"collection":[{"href":"https:\/\/singuli.wpress.me\/index.php\/wp-json\/wp\/v2\/product"}],"about":[{"href":"https:\/\/singuli.wpress.me\/index.php\/wp-json\/wp\/v2\/types\/product"}],"version-history":[{"count":0,"href":"https:\/\/singuli.wpress.me\/index.php\/wp-json\/wp\/v2\/product\/42633\/revisions"}],"wp:attachment":[{"href":"https:\/\/singuli.wpress.me\/index.php\/wp-json\/wp\/v2\/media?parent=42633"}],"wp:term":[{"taxonomy":"product_brand","embeddable":true,"href":"https:\/\/singuli.wpress.me\/index.php\/wp-json\/wp\/v2\/product_brand?post=42633"},{"taxonomy":"product_cat","embeddable":true,"href":"https:\/\/singuli.wpress.me\/index.php\/wp-json\/wp\/v2\/product_cat?post=42633"},{"taxonomy":"product_tag","embeddable":true,"href":"https:\/\/singuli.wpress.me\/index.php\/wp-json\/wp\/v2\/product_tag?post=42633"}],"curies":[{"name":"wp","href":"https:\/\/api.w.org\/{rel}","templated":true}]}}