{"id":42640,"date":"2026-04-19T15:28:47","date_gmt":"2026-04-19T15:28:47","guid":{"rendered":"https:\/\/singuli.wpress.me\/index.php\/proizvod\/borotalco-manneti-moisturizing-krema-za-tusiranje-250-ml\/"},"modified":"2026-04-20T12:33:47","modified_gmt":"2026-04-20T12:33:47","slug":"borotalco-manneti-moisturizing-krema-za-tusiranje-250-ml","status":"publish","type":"product","link":"https:\/\/singuli.wpress.me\/index.php\/proizvod\/borotalco-manneti-moisturizing-krema-za-tusiranje-250-ml\/","title":{"rendered":"BOROTALCO Manneti Moisturizing, krema za tu\u0161iranje, 250\u00a0ml"},"content":{"rendered":"<p>Borotalco hidratantna gel krema za tu\u0161iranje s vanilijom i zobi njeguje va\u0161u ko\u017eu daju\u0107i joj osje\u0107aj ugode. <\/p>\n<p>Ostavlja ko\u017eu mekom, glatkom i bar\u0161unastom. <\/p>\n<p>Formula sadr\u017ei esenciju na bazi vanilije i vo\u0107a su\u0161enog na suncu za tople i mirisne tonove te u kombinaciji sa zobi i puderastom bazom stvara slatku i nje\u017enu, ali profinjenu notu. <\/p>\n<p>Hidratantni gel za tu\u0161iranje vla\u017ei i njeguje ko\u017eu, po\u0161tuju\u0107i njezin prirodni pH. Dermatolo\u0161ki ispitano. <\/p>\n<p>Nje\u017ena prema ko\u017ei i planeti zahvaljuju\u0107i boci koja se mo\u017ee reciklirati te je napravljena od 100 % reciklirane plastike.<\/p>\n","protected":false},"excerpt":{"rendered":"<p>Hidratacija i njega<br \/>\nMiris koji budi osje\u0107aj ugode<br \/>\nZa meku i svilenkastu ko\u017eu<\/p>\n","protected":false},"featured_media":0,"template":"","meta":{"_seopress_robots_primary_cat":"","_seopress_titles_title":"","_seopress_titles_desc":"","_seopress_robots_index":"","iawp_total_views":0},"product_brand":[484],"product_cat":[268,278],"product_tag":[],"class_list":{"0":"post-42640","1":"product","2":"type-product","3":"status-publish","5":"product_brand-borotalco","6":"product_cat-kozmetika-2","7":"product_cat-njega-tijela-268","9":"first","10":"outofstock","11":"shipping-taxable","12":"purchasable","13":"product-type-simple"},"_links":{"self":[{"href":"https:\/\/singuli.wpress.me\/index.php\/wp-json\/wp\/v2\/product\/42640","targetHints":{"allow":["GET"]}}],"collection":[{"href":"https:\/\/singuli.wpress.me\/index.php\/wp-json\/wp\/v2\/product"}],"about":[{"href":"https:\/\/singuli.wpress.me\/index.php\/wp-json\/wp\/v2\/types\/product"}],"version-history":[{"count":0,"href":"https:\/\/singuli.wpress.me\/index.php\/wp-json\/wp\/v2\/product\/42640\/revisions"}],"wp:attachment":[{"href":"https:\/\/singuli.wpress.me\/index.php\/wp-json\/wp\/v2\/media?parent=42640"}],"wp:term":[{"taxonomy":"product_brand","embeddable":true,"href":"https:\/\/singuli.wpress.me\/index.php\/wp-json\/wp\/v2\/product_brand?post=42640"},{"taxonomy":"product_cat","embeddable":true,"href":"https:\/\/singuli.wpress.me\/index.php\/wp-json\/wp\/v2\/product_cat?post=42640"},{"taxonomy":"product_tag","embeddable":true,"href":"https:\/\/singuli.wpress.me\/index.php\/wp-json\/wp\/v2\/product_tag?post=42640"}],"curies":[{"name":"wp","href":"https:\/\/api.w.org\/{rel}","templated":true}]}}