{"id":42643,"date":"2026-04-19T15:28:48","date_gmt":"2026-04-19T15:28:48","guid":{"rendered":"https:\/\/singuli.wpress.me\/index.php\/proizvod\/braun-silkepil-9-995-deluxe-9u1-epilator\/"},"modified":"2026-04-20T12:33:47","modified_gmt":"2026-04-20T12:33:47","slug":"braun-silkepil-9-995-deluxe-9u1-epilator","status":"publish","type":"product","link":"https:\/\/singuli.wpress.me\/index.php\/proizvod\/braun-silkepil-9-995-deluxe-9u1-epilator\/","title":{"rendered":"BRAUN SilkEpil 9-995 Deluxe 9u1, epilator"},"content":{"rendered":"<p>Braun Silk-\u00e9pil Beauty Set 9 9-995, deluxe komplet 9-u-1: epilacija, brijanje, eksfolijacija i \u010di\u0161\u0107enje ko\u017ee \u2013 za lice i tijelo u ru\u017ei\u010dastoj boji<\/p>\n<p>Istaknute zna\u010dajke:<br \/>\n&#8211; Deluxe komplet 9-u-1 za uklanjanje dla\u010dica na licu i tijelu. Eksfolijacija, epilacija, brijanje, podrezivanje, toniranje, \u010di\u0161\u0107enje, nano\u0161enje krema i \u0161minke<br \/>\n&#8211; 3 nastavka za eksfolijaciju i masa\u017eu tijela uklanjaju mrtve stanice ko\u017ee, poma\u017eu\u0107i tako sprije\u010diti urastanje dla\u010dica<br \/>\n&#8211; Epilator uklanja dla\u010dice 4x kra\u0107e od onih koje se mogu uhvatiti voskom. Brija\u0107a glava i nastavak s trimerom uklanjaju dla\u010dice na osjetljivim dijelovima tijela<br \/>\n&#8211; Epilator FaceSpa nje\u017eno uklanja dla\u010dice na licu, a njegove 3 \u010detkice \u010diste i rade eksfolijaciju ko\u017ee lica<br \/>\n&#8211; Be\u017ei\u010dan rad traje do 50 minuta. Ure\u0111aj je 100% prikladan za suhu i mokru epilaciju. Epilirajte se redovito i epilacija \u0107e biti gotovo bezbolna<\/p>\n<p>Opis proizvoda:<br \/>\nPredstavljamo Beauty Set 9, deluxe komplet 9-u-1 za uklanjanje dla\u010dica na licu i tijelu. Eksfolijacija, epilacija, brijanje, podrezivanje, toniranje, \u010di\u0161\u0107enje, nano\u0161enje krema i \u0161minke. 3 nastavka za eksfolijaciju i masa\u017eu tijela uklanjaju mrtve stanice ko\u017ee, poma\u017eu\u0107i tako sprije\u010diti urastanje dla\u010dica. Epilator uklanja dla\u010dice 4x kra\u0107e od onih koje se mogu uhvatiti voskom. Dolazi s brija\u0107om glavom i nastavkom s trimerom za uklanjanje dla\u010dica na osjetljivim dijelovima tijela. FaceSpa nje\u017eno uklanja dla\u010dice na licu, a njegove 3 \u010detkice \u010diste i rade eksfolijaciju ko\u017ee lica. Be\u017ei\u010dan rad traje do 50 minuta. Ure\u0111aj je 100% prikladan za suhu i mokru epilaciju \u0161to zna\u010di da ga mo\u017eete koristiti pod tu\u0161em ili u kadi za \u0161to ugodnije iskustvo. Epilirajte se redovito i epilacija \u0107e biti gotovo bezbolna. Beauty Set 9 Deluxe komplet za epilaciju, eksfolijaciju i \u010di\u0161\u0107enje \u2013 za glatku, predivnu ko\u017eu od glave do pete.<\/p>\n<p>Predstavljamo deluxe komplet za ljepotu<br \/>\nBraunov najbolji i najusavr\u0161eniji set za glatku ko\u017eu na svim dijelovima tijela. Za upotrebu na licu, nogama i osjetljivim podru\u010djima. Slijedite na\u0161 preporu\u010deni re\u017eim njege i u\u017eivajte u besprijekornoj ko\u017ei: eksfolijacija, epilacija, brijanje i \u010di\u0161\u0107enje \u2013 ovaj komplet pokriva sve.<\/p>\n<p>Ergonomski dizajniran i projektiran da traje 7 godina. Kada se provodi redovito, epilacija postaje gotovo bezbolna.<\/p>\n<p>Vodi\u010d kroz re\u017eim njege<br \/>\nBesprijekorna ko\u017ea od glave do pete<br \/>\n1. korak: eksfolijacija i masa\u017ea<br \/>\n2 eksfolijacijske \u010detkice 9 puta u\u010dinkovitije uklanjaju grubi, mrtvi povr\u0161inski sloj ko\u017ee od ru\u010dne eksfolijacije. Masa\u017ena \u010detkica dubinskom masa\u017eom poma\u017ee pobolj\u0161ati izgled ko\u017ee te poti\u010de cirkulaciju za bolji tonus ko\u017ee.<br \/>\n2. korak: brijanje i podrezivanje dla\u010dica<br \/>\nNje\u017eno i bezbolno uklonite dla\u010dice s osjetljivih podru\u010dja poput pazuha ili bikini-zone.<br \/>\n3. korak: epilacija<br \/>\nTehnologija SensoSmart\u2122 brine o tome da previ\u0161e ne priti\u0161\u0107ete ko\u017eu kako bi epilacija bila \u0161to u\u010dinkovitija. 25% vi\u0161e pinceta i 5% \u0161ira glava nego kod konkurencije omogu\u0107uju brzu i preciznu epilaciju. Ovaj epilator uklanja dla\u010dice iz korijena za do 4 tjedna glatke ko\u017ee.<br \/>\n4. korak: \u010di\u0161\u0107enje<br \/>\nKomplet dolazi s 3 razli\u010dite \u010detkice za \u010di\u0161\u0107enje i eksfolijaciju ko\u017ee lica, koje su 6x u\u010dinkovitije od ru\u010dnog tretmana. Spu\u017evicom za njegu ko\u017ee mo\u017eete nanijeti kreme ili make-up.<\/p>\n<p>Glatki rezultati, kao iz salona<br \/>\nTehnologija pinceta MicroGrip uklanja dla\u010dice 4x kra\u0107e od onih koje se mogu uhvatiti voskom.<\/p>\n<p>Wet &amp; Dry<br \/>\nEpilirajte se u kadi ili pod tu\u0161em kako bi uklanjanje dla\u010dica bilo \u0161to nje\u017enije. Kada se provodi redovito, epilacija postaje gotovo bezbolna.<\/p>\n<p>100% vodootporan<br \/>\nZa lako \u010di\u0161\u0107enje pod teku\u0107om vodom.<\/p>\n<p>Be\u017ei\u010dna uporaba<br \/>\nPuna baterija omogu\u0107uje do 50 minuta rada epilatora. U kompletu dobivate 2 AA baterije za FaceSpa.<\/p>\n","protected":false},"excerpt":{"rendered":"<p>Beauty Set 9, deluxe komplet 9-u-1 za uklanjanje dla\u010dica na licu i tijelu<br \/>\nBraunov najbolji i najusavr\u0161eniji set za glatku ko\u017eu na svim dijelovima tijela<br \/>\nUre\u0111aj je 100% prikladan za suhu i mokru epilaciju<\/p>\n","protected":false},"featured_media":0,"template":"","meta":{"_seopress_robots_primary_cat":"","_seopress_titles_title":"","_seopress_titles_desc":"","_seopress_robots_index":"","iawp_total_views":0},"product_brand":[144],"product_cat":[192,282,281],"product_tag":[],"class_list":{"0":"post-42643","1":"product","2":"type-product","3":"status-publish","5":"product_brand-braun","6":"product_cat-aparati-za-osobnu-njegu","7":"product_cat-aparati-za-zene-281","8":"product_cat-epilatori-i-ipl-192","10":"first","11":"outofstock","12":"shipping-taxable","13":"purchasable","14":"product-type-simple"},"_links":{"self":[{"href":"https:\/\/singuli.wpress.me\/index.php\/wp-json\/wp\/v2\/product\/42643","targetHints":{"allow":["GET"]}}],"collection":[{"href":"https:\/\/singuli.wpress.me\/index.php\/wp-json\/wp\/v2\/product"}],"about":[{"href":"https:\/\/singuli.wpress.me\/index.php\/wp-json\/wp\/v2\/types\/product"}],"version-history":[{"count":0,"href":"https:\/\/singuli.wpress.me\/index.php\/wp-json\/wp\/v2\/product\/42643\/revisions"}],"wp:attachment":[{"href":"https:\/\/singuli.wpress.me\/index.php\/wp-json\/wp\/v2\/media?parent=42643"}],"wp:term":[{"taxonomy":"product_brand","embeddable":true,"href":"https:\/\/singuli.wpress.me\/index.php\/wp-json\/wp\/v2\/product_brand?post=42643"},{"taxonomy":"product_cat","embeddable":true,"href":"https:\/\/singuli.wpress.me\/index.php\/wp-json\/wp\/v2\/product_cat?post=42643"},{"taxonomy":"product_tag","embeddable":true,"href":"https:\/\/singuli.wpress.me\/index.php\/wp-json\/wp\/v2\/product_tag?post=42643"}],"curies":[{"name":"wp","href":"https:\/\/api.w.org\/{rel}","templated":true}]}}