{"id":42647,"date":"2026-04-19T15:28:50","date_gmt":"2026-04-19T15:28:50","guid":{"rendered":"https:\/\/singuli.wpress.me\/index.php\/proizvod\/dash-pods-amber-kapsule-za-pranje-rublja-31-pranje\/"},"modified":"2026-04-20T12:33:47","modified_gmt":"2026-04-20T12:33:47","slug":"dash-pods-amber-kapsule-za-pranje-rublja-31-pranje","status":"publish","type":"product","link":"https:\/\/singuli.wpress.me\/index.php\/proizvod\/dash-pods-amber-kapsule-za-pranje-rublja-31-pranje\/","title":{"rendered":"DASH PODS Amber, kapsule za pranje rublja, 31 pranje"},"content":{"rendered":"<p><span style=\"font-weight: bold\">Kapsule Dash PODS Amber<\/span> jam\u010de besprijekornu \u010disto\u0107u i blistave boje, \u010dak i pri niskoj temperaturi i kratkim ciklusima. Imaju nov dizajn s vi\u0161e komora u kojima su sastojci stabilni i odvojeni do pranja, a nude ultrakoncentriranu snagu \u010di\u0161\u0107enja. <\/p>\n<p>Omot kapsula Dash Power PODS potpuno se topi u dodiru s vodom. <\/p>\n<p>Koristite Dash Power s proizvodima Lenor Softener i Lenor Unstoppables, za dodatnu svje\u017einu i meko\u0107u.<\/p>\n","protected":false},"excerpt":{"rendered":"<p>Kapsule jam\u010de besprijekornu \u010disto\u0107u<br \/>\nU\u010dinkovito \u010di\u0161\u0107enje pri niskoj temperaturi i kratkim ciklusima<br \/>\nostavljaju ugodan miris na odje\u0107i<\/p>\n","protected":false},"featured_media":0,"template":"","meta":{"_seopress_robots_primary_cat":"","_seopress_titles_title":"","_seopress_titles_desc":"","_seopress_robots_index":"","iawp_total_views":0},"product_brand":[762],"product_cat":[283,238],"product_tag":[],"class_list":{"0":"post-42647","1":"product","2":"type-product","3":"status-publish","5":"product_brand-dash","6":"product_cat-pranje-rublja-238","7":"product_cat-sve-za-dom","9":"first","10":"outofstock","11":"shipping-taxable","12":"purchasable","13":"product-type-simple"},"_links":{"self":[{"href":"https:\/\/singuli.wpress.me\/index.php\/wp-json\/wp\/v2\/product\/42647","targetHints":{"allow":["GET"]}}],"collection":[{"href":"https:\/\/singuli.wpress.me\/index.php\/wp-json\/wp\/v2\/product"}],"about":[{"href":"https:\/\/singuli.wpress.me\/index.php\/wp-json\/wp\/v2\/types\/product"}],"version-history":[{"count":0,"href":"https:\/\/singuli.wpress.me\/index.php\/wp-json\/wp\/v2\/product\/42647\/revisions"}],"wp:attachment":[{"href":"https:\/\/singuli.wpress.me\/index.php\/wp-json\/wp\/v2\/media?parent=42647"}],"wp:term":[{"taxonomy":"product_brand","embeddable":true,"href":"https:\/\/singuli.wpress.me\/index.php\/wp-json\/wp\/v2\/product_brand?post=42647"},{"taxonomy":"product_cat","embeddable":true,"href":"https:\/\/singuli.wpress.me\/index.php\/wp-json\/wp\/v2\/product_cat?post=42647"},{"taxonomy":"product_tag","embeddable":true,"href":"https:\/\/singuli.wpress.me\/index.php\/wp-json\/wp\/v2\/product_tag?post=42647"}],"curies":[{"name":"wp","href":"https:\/\/api.w.org\/{rel}","templated":true}]}}