{"id":42648,"date":"2026-04-19T15:28:50","date_gmt":"2026-04-19T15:28:50","guid":{"rendered":"https:\/\/singuli.wpress.me\/index.php\/proizvod\/gillette-blue3-comfort-jednokratne-britvice-62-kom\/"},"modified":"2026-04-20T12:33:47","modified_gmt":"2026-04-20T12:33:47","slug":"gillette-blue3-comfort-jednokratne-britvice-62-kom","status":"publish","type":"product","link":"https:\/\/singuli.wpress.me\/index.php\/proizvod\/gillette-blue3-comfort-jednokratne-britvice-62-kom\/","title":{"rendered":"GILLETTE Blue3 Comfort, jednokratne britvice, 6+2, \u00a0kom"},"content":{"rendered":"<p>Jednokratna britvica koja omogu\u0107ava do 10 ugodnih brijanja? Gillette Blue3 Comfort to posti\u017ee zahvaljuju\u0107i trima o\u0161tricama koje su presvu\u010dene kromom i blage prema ko\u017ei te pokretljivoj glavi koja se prilago\u0111ava konturama va\u0161eg lica. <\/p>\n<p>Pobolj\u0161ana lubrikantna trakica s tehnologijom Comfortgel koja se aktivira u dodiru vodom pru\u017ea vam vrhunsku ugodnost brijanja. <\/p>\n<p>Britvica ima protukliznu gumenu dr\u0161ku za jednostavnu kontrolu i rukovanje te o\u0161trice koje se lako ispiru za 100 % bolje ispiranje (u odnosu na BlueII Plus).<\/p>\n","protected":false},"excerpt":{"rendered":"<p>Gumena protuklizna dr\u0161ka za bolju kontrolu<br \/>\n3 jednokratne britvice s po 3 nje\u017ene o\u0161trice<br \/>\nPokretljiva glava prilago\u0111ava se konturama lica<\/p>\n","protected":false},"featured_media":0,"template":"","meta":{"_seopress_robots_primary_cat":"","_seopress_titles_title":"","_seopress_titles_desc":"","_seopress_robots_index":"","iawp_total_views":0},"product_brand":[323],"product_cat":[280,192,279],"product_tag":[],"class_list":{"0":"post-42648","1":"product","2":"type-product","3":"status-publish","5":"product_brand-gillette","6":"product_cat-aparati-za-muskarce-279","7":"product_cat-aparati-za-osobnu-njegu","8":"product_cat-brijanje-i-sisanje-192","10":"first","11":"instock","12":"shipping-taxable","13":"purchasable","14":"product-type-simple"},"_links":{"self":[{"href":"https:\/\/singuli.wpress.me\/index.php\/wp-json\/wp\/v2\/product\/42648","targetHints":{"allow":["GET"]}}],"collection":[{"href":"https:\/\/singuli.wpress.me\/index.php\/wp-json\/wp\/v2\/product"}],"about":[{"href":"https:\/\/singuli.wpress.me\/index.php\/wp-json\/wp\/v2\/types\/product"}],"version-history":[{"count":0,"href":"https:\/\/singuli.wpress.me\/index.php\/wp-json\/wp\/v2\/product\/42648\/revisions"}],"wp:attachment":[{"href":"https:\/\/singuli.wpress.me\/index.php\/wp-json\/wp\/v2\/media?parent=42648"}],"wp:term":[{"taxonomy":"product_brand","embeddable":true,"href":"https:\/\/singuli.wpress.me\/index.php\/wp-json\/wp\/v2\/product_brand?post=42648"},{"taxonomy":"product_cat","embeddable":true,"href":"https:\/\/singuli.wpress.me\/index.php\/wp-json\/wp\/v2\/product_cat?post=42648"},{"taxonomy":"product_tag","embeddable":true,"href":"https:\/\/singuli.wpress.me\/index.php\/wp-json\/wp\/v2\/product_tag?post=42648"}],"curies":[{"name":"wp","href":"https:\/\/api.w.org\/{rel}","templated":true}]}}