{"id":42652,"date":"2026-04-19T15:28:52","date_gmt":"2026-04-19T15:28:52","guid":{"rendered":"https:\/\/singuli.wpress.me\/index.php\/proizvod\/spirax-s6-atf-d971-transmisijsko-ulje-20-l\/"},"modified":"2026-04-20T12:33:47","modified_gmt":"2026-04-20T12:33:47","slug":"spirax-s6-atf-d971-transmisijsko-ulje-20-l","status":"publish","type":"product","link":"https:\/\/singuli.wpress.me\/index.php\/proizvod\/spirax-s6-atf-d971-transmisijsko-ulje-20-l\/","title":{"rendered":"SPIRAX S6 ATF D971, transmisijsko ulje, 20\u00a0l"},"content":{"rendered":"<p>Shell Spirax S6 ATF D971 razvijen je kao ATF teku\u0107ina za po\u010detno punjenje i servisno punjenje za najnoviju generaciju 9-stupanjskih automatskih mjenja\u010da za Mercedes Benz (9G-Tronic) optimizirani za u\u0161tedu goriva.  Pru\u017ea visoku toplinsku i oksidacisku stabilnost, izvanrednu stabilnost smicanja i vrhunske ukupne performanse. <\/p>\n<p>Specifikacija: Broj dijela A0029890603, MB odobrenje 236.17.<\/p>\n","protected":false},"excerpt":{"rendered":"<p>Toplinska i oksidativna stabilnost<br \/>\nIzvanredna stabilnost smicanja<br \/>\nTransmisijsko ulje za 9-stupanjske automatske mjenja\u010de za Mercedes Benz<\/p>\n","protected":false},"featured_media":0,"template":"","meta":{"_seopress_robots_primary_cat":"","_seopress_titles_title":"","_seopress_titles_desc":"","_seopress_robots_index":"","iawp_total_views":0},"product_brand":[371],"product_cat":[243,276],"product_tag":[],"class_list":{"0":"post-42652","1":"product","2":"type-product","3":"status-publish","5":"product_brand-spirax","6":"product_cat-automobili-i-motori","7":"product_cat-industrijska-i-specijalna-ulja-243","9":"first","10":"outofstock","11":"shipping-taxable","12":"purchasable","13":"product-type-simple"},"_links":{"self":[{"href":"https:\/\/singuli.wpress.me\/index.php\/wp-json\/wp\/v2\/product\/42652","targetHints":{"allow":["GET"]}}],"collection":[{"href":"https:\/\/singuli.wpress.me\/index.php\/wp-json\/wp\/v2\/product"}],"about":[{"href":"https:\/\/singuli.wpress.me\/index.php\/wp-json\/wp\/v2\/types\/product"}],"version-history":[{"count":0,"href":"https:\/\/singuli.wpress.me\/index.php\/wp-json\/wp\/v2\/product\/42652\/revisions"}],"wp:attachment":[{"href":"https:\/\/singuli.wpress.me\/index.php\/wp-json\/wp\/v2\/media?parent=42652"}],"wp:term":[{"taxonomy":"product_brand","embeddable":true,"href":"https:\/\/singuli.wpress.me\/index.php\/wp-json\/wp\/v2\/product_brand?post=42652"},{"taxonomy":"product_cat","embeddable":true,"href":"https:\/\/singuli.wpress.me\/index.php\/wp-json\/wp\/v2\/product_cat?post=42652"},{"taxonomy":"product_tag","embeddable":true,"href":"https:\/\/singuli.wpress.me\/index.php\/wp-json\/wp\/v2\/product_tag?post=42652"}],"curies":[{"name":"wp","href":"https:\/\/api.w.org\/{rel}","templated":true}]}}