{"id":42655,"date":"2026-04-19T15:28:55","date_gmt":"2026-04-19T15:28:55","guid":{"rendered":"https:\/\/singuli.wpress.me\/index.php\/proizvod\/medex-gelee-royale-kapsule-30-kapsula-x-350mg\/"},"modified":"2026-04-20T12:33:47","modified_gmt":"2026-04-20T12:33:47","slug":"medex-gelee-royale-kapsule-30-kapsula-x-350mg","status":"publish","type":"product","link":"https:\/\/singuli.wpress.me\/index.php\/proizvod\/medex-gelee-royale-kapsule-30-kapsula-x-350mg\/","title":{"rendered":"MEDEX Gel\u00e9e royale, kapsule, 30 kapsula x 350mg"},"content":{"rendered":"<p>Za \u010dovjeka je mati\u010dna mlije\u010d idealan svakodnevni dodatak prehrani. Kapsule Gel\u00e9e royale  su dodatak prehrani s 350 mg mati\u010dne mlije\u010di u jednoj kapsuli. Liofiliziran (dehidriran) oblik mati\u010dne mlije\u010di \u010duva sve njezine prirodne djelatne tvari i odli\u010dna je dopuna svakodnevnoj prehrani. Preporu\u010dujemo ih svima koji su izlo\u017eeni ve\u0107oj tjelesnoj aktivnosti i drugim naporima.<\/p>\n<p>Proizvod je bez konzervansa, bojila, umjetnih aroma i zasla\u0111iva\u010da. Primjeren je i za vegetarijance.<\/p>\n<p><span style=\"font-weight: bold\">Na\u010din primjene:<\/span> Preporu\u010dena dnevna doza jest 1 kapsula=350mg mati\u010dne mlije\u010di. Uzmite je prije doru\u010dka s 2 dl teku\u0107ine.<\/p>\n<p>Mati\u010dna mlije\u010d<br \/>\nMati\u010dna mlije\u010d ili gel\u00e9e royale najdragocjeniji je dar p\u010delinje ko\u0161nice. Proizvode je mlade p\u010dele hraniteljice u dobi od 5 do 12 dana i njome \u010ditav \u017eivot hrane p\u010delinju kraljicu \u2013 maticu, koja se brine za pre\u017eivljavanje vrste. Matica je genetski posve jednaka drugim p\u010delama, ali je zbog hranjenja samo mati\u010dnom mlije\u010di gotovo dva puta ve\u0107a od p\u010dela radilica, pre\u017eivi \u010dak 15 rodova p\u010dela i u ko\u0161nici je jedina spolno razvijena. Smatra se najplodnijim bi\u0107em na planetu jer na dan izle\u017ee i do 3000 jaja\u0161aca, \u010dija ukupna masa prelazi njezinu vlastitu. U starom su Egiptu mati\u010dnu mlije\u010d koristili jo\u0161 faraoni koji su je nazivali \u00bbhranom za bogove\u00ab, a danas znamo da se njezina izuzetnost temelji na sadr\u017eaju jedinstvene nezasi\u0107ene masne kiseline 10 HDA (10-hidroksi-2-decenska kiselina) koja se u prirodi nigdje drugdje ne mo\u017ee na\u0107i. Sadr\u017eaj 10 HDA va\u017eno je mjerilo kvalitete mati\u010dne mlije\u010di, stoga smo u Medexu njezinu vrijednosti u proizvodima standardizirali i tako osigurali njihovu stalnu kvalitetu.<\/p>\n","protected":false},"excerpt":{"rendered":"<p>1 kapsula sadr\u017ei 350 mg mati\u010dne mlije\u010di<br \/>\nStandardiziran sadr\u017eaj nezasi\u0107enih masnih kiselina 10 HDA u mati\u010dnoj mlije\u010di<br \/>\nPreporu\u010dujee se odraslima s aktivnim stilom \u017eivota<\/p>\n","protected":false},"featured_media":0,"template":"","meta":{"_seopress_robots_primary_cat":"","_seopress_titles_title":"","_seopress_titles_desc":"","_seopress_robots_index":"","iawp_total_views":0},"product_brand":[415],"product_cat":[268,269],"product_tag":[],"class_list":{"0":"post-42655","1":"product","2":"type-product","3":"status-publish","5":"product_brand-medex","6":"product_cat-kozmetika-2","7":"product_cat-zastita-koze-268","9":"first","10":"outofstock","11":"shipping-taxable","12":"purchasable","13":"product-type-simple"},"_links":{"self":[{"href":"https:\/\/singuli.wpress.me\/index.php\/wp-json\/wp\/v2\/product\/42655","targetHints":{"allow":["GET"]}}],"collection":[{"href":"https:\/\/singuli.wpress.me\/index.php\/wp-json\/wp\/v2\/product"}],"about":[{"href":"https:\/\/singuli.wpress.me\/index.php\/wp-json\/wp\/v2\/types\/product"}],"version-history":[{"count":0,"href":"https:\/\/singuli.wpress.me\/index.php\/wp-json\/wp\/v2\/product\/42655\/revisions"}],"wp:attachment":[{"href":"https:\/\/singuli.wpress.me\/index.php\/wp-json\/wp\/v2\/media?parent=42655"}],"wp:term":[{"taxonomy":"product_brand","embeddable":true,"href":"https:\/\/singuli.wpress.me\/index.php\/wp-json\/wp\/v2\/product_brand?post=42655"},{"taxonomy":"product_cat","embeddable":true,"href":"https:\/\/singuli.wpress.me\/index.php\/wp-json\/wp\/v2\/product_cat?post=42655"},{"taxonomy":"product_tag","embeddable":true,"href":"https:\/\/singuli.wpress.me\/index.php\/wp-json\/wp\/v2\/product_tag?post=42655"}],"curies":[{"name":"wp","href":"https:\/\/api.w.org\/{rel}","templated":true}]}}