{"id":42659,"date":"2026-04-19T15:28:57","date_gmt":"2026-04-19T15:28:57","guid":{"rendered":"https:\/\/singuli.wpress.me\/index.php\/proizvod\/braun-8417s-brijac-srebrni\/"},"modified":"2026-04-21T00:27:19","modified_gmt":"2026-04-21T00:27:19","slug":"braun-8417s-brijac-srebrni","status":"publish","type":"product","link":"https:\/\/singuli.wpress.me\/index.php\/proizvod\/braun-8417s-brijac-srebrni\/","title":{"rendered":"BRAUN 8417s, brija\u010d, srebrni"},"content":{"rendered":"<p>Braun Series 8 8417s, elektri\u010dni brija\u0107i aparat za mu\u0161karce, glava 3+1 s preciznim trimerom, soni\u010dna tehnologija i glava prilagodljiva za 40\u00b0, za mokro i suho brijanje, s baterijom koja traje 60 minuta<\/p>\n<p>Istaknute zna\u010dajke<br \/>\n\u2022 Braun Series 8 donosi potpuno novo iskustvo brijanja: radi se o elektri\u010dnom brija\u0107em aparatu za mu\u0161karce koji pru\u017ea izuzetno mo\u0107no, ali i nje\u017eno brijanje.  <\/p>\n<p>\u2022 Poma\u017ee uhvatiti vi\u0161e dla\u010dica: Braunova jedinstvena soni\u010dna tehnologija s 10.000 mikrovibracija poma\u017ee da brija\u0107i aparat lijepo klizi po ko\u017ei.  <\/p>\n<p>\u2022 Nova razina temeljitosti \u010dak i na kompliciranijim podru\u010djima: glava prilagodljiva za 40\u00b0 i fleksibilne o\u0161trice automatski se prilago\u0111avaju konturama za temeljitost i nje\u017eno brijanje na svakom dijelu lica.  <\/p>\n<p>\u2022 Mo\u0107na baterija: litij-ionska baterija ovog brija\u0107eg aparata osigurava 1-satni rad ure\u0111aja. Tako\u0111er ima mogu\u0107nost 5-minutnog brzog punjenja za brzinsko brijanje.  <\/p>\n<p>\u2022 Proizvedeno u Njema\u010dkoj: ovaj elektri\u010dni brija\u0107i aparat za mu\u0161karce 100% je vodootporan i mo\u017ee se koristiti s pjenom i gelom te \u010dak i pod tu\u0161em.<\/p>\n<p>\nDobro do\u0161li na potpuno novu razinu brijanja!<br \/>\nUz Braun Series 8 vi\u0161e ne morate birati izme\u0111u temeljitosti brijanja i nje\u017enosti prema ko\u017ei.<br \/>\nInovativna soni\u010dna tehnologija s 10.000 mikrovibracija poma\u017ee uhvatiti vi\u0161e dla\u010dica dok brija\u0107i aparat nje\u017eno klizi po ko\u017ei.  <br \/>\nOsmi\u0161ljen tako da pru\u017ei na\u0161e najtemeljitije brijanje bez pristajanja na kompromise po pitanju ugodnosti za ko\u017eu, Braun Series 8 va\u0161a je prvoklasna ulaznica za potpuno novu razinu brijanja.<\/p>\n<p>Obe\u0107anje tehnologije na kojoj po\u010diva Series 8<br \/>\n\u2022 Mo\u0107no, ali i nje\u017eno brijanje.<br \/>\n\u2022 Intuitivna upotreba, do najsitnijeg detalja.<br \/>\n\u2022 Proizvedeno u Njema\u010dkoj, dizajnirano da traje do 7 godina.<\/p>\n<p>Temeljito posvuda<br \/>\nKompaktna pokretljiva glava s nagibom do 40\u00b0 lijepo se i temeljito prilago\u0111ava konturama lica, pru\u017eaju\u0107i nje\u017eno i temeljito brijanje do duljine od 0,05 mm \u2013 \u010dak i na te\u0161ko dostupnim mjestima.<\/p>\n<p>Mo\u0107no, ali i nje\u017eno brijanje \u2013 \u010dak i za gustu bradu<br \/>\nBraunova jedinstvena soni\u010dna tehnologija uz pomo\u0107 10.000 mikrovibracija nje\u017eno hvata vi\u0161e dla\u010dica.<\/p>\n<p>Precizno brijanje i podrezivanje<br \/>\nPodre\u017eite dulje dla\u010dice preciznim trimerom. Prekida\u010d za preciznost zaklju\u010dava glavu brija\u0107eg aparata i olak\u0161ava hvatanje kompliciranijih dla\u010dica \u2013 nude\u0107i nenadma\u0161nu preciznost i kontrolu.<\/p>\n<p>Prilago\u0111ava se va\u0161em tipu brade<br \/>\nTehnologija AutoSense o\u010ditava zna\u010dajke va\u0161e brade i prilago\u0111ava rad motora njezinoj gusto\u0107i, osiguravaju\u0107i dovoljno snage \u010dak i za najgu\u0161\u0107e brade.<\/p>\n<p>Osvje\u017eavaju\u0107e iskustvo<br \/>\nSeries 8 je 100% vodootporan, pa ga mo\u017eete koristiti s pjenom, gelom ili \u010dak i pod tu\u0161em za nje\u017eno i osvje\u017eavaju\u0107e iskustvo brijanja.<\/p>\n<p>Mo\u0107na, dugotrajna baterija<br \/>\nMo\u0107na litij-ionska baterija pru\u017ea do 60 minuta brijanja, a ima i mogu\u0107nost 5-minutnog brzog punjenja za brzinsko brijanje.<\/p>\n<p>Opis proizvoda<br \/>\nOtkrijte potpuno novu razinu brijanja uz Braun Series 8, elektri\u010dni brija\u0107i aparat za mu\u0161karce koji pru\u017ea izuzetno mo\u0107no, ali i nje\u017eno brijanje. Kod njega je na djelu Braunova jedinstvena soni\u010dna tehnologija s 10.000 mikrovibracija koje poma\u017eu uhvatiti vi\u0161e dla\u010dica dok brija\u0107i aparat lijepo klizi po ko\u017ei. Tu je i glava prilagodljiva za 40\u00b0 te fleksibilne o\u0161trice koje se prilago\u0111avaju konturama lica osiguravaju\u0107i temeljito brijanje \u010dak i na zahtjevnijim podru\u010djima.<\/p>\n<p>Sadr\u017eaj pakiranja<br \/>\n1x elektri\u010dni brija\u0107i aparat<br \/>\n1x patrona za \u010di\u0161\u0107enje<br \/>\n1x \u010detkica za \u010di\u0161\u0107enje<br \/>\n1x kabel za punjenje<br \/>\n1x korisni\u010dki priru\u010dnik<\/p>\n","protected":false},"excerpt":{"rendered":"<p>Elektri\u010dni aparat za brijanje sa zvu\u010dnom tehnologijom<br \/>\nPotpuno je vodootporan i pogodan za kori\u0161tenje s pjenom, gelom ili \u010dak pod tu\u0161em<br \/>\nLi-ion baterija aparata za brijanje omogu\u0107uje jedan sat rada<\/p>\n","protected":false},"featured_media":0,"template":"","meta":{"_seopress_robots_primary_cat":"","_seopress_titles_title":"","_seopress_titles_desc":"","_seopress_robots_index":"","iawp_total_views":0},"product_brand":[144],"product_cat":[280,192,279],"product_tag":[],"class_list":{"0":"post-42659","1":"product","2":"type-product","3":"status-publish","5":"product_brand-braun","6":"product_cat-aparati-za-muskarce-279","7":"product_cat-aparati-za-osobnu-njegu","8":"product_cat-brijanje-i-sisanje-192","10":"first","11":"outofstock","12":"shipping-taxable","13":"purchasable","14":"product-type-simple"},"_links":{"self":[{"href":"https:\/\/singuli.wpress.me\/index.php\/wp-json\/wp\/v2\/product\/42659","targetHints":{"allow":["GET"]}}],"collection":[{"href":"https:\/\/singuli.wpress.me\/index.php\/wp-json\/wp\/v2\/product"}],"about":[{"href":"https:\/\/singuli.wpress.me\/index.php\/wp-json\/wp\/v2\/types\/product"}],"version-history":[{"count":0,"href":"https:\/\/singuli.wpress.me\/index.php\/wp-json\/wp\/v2\/product\/42659\/revisions"}],"wp:attachment":[{"href":"https:\/\/singuli.wpress.me\/index.php\/wp-json\/wp\/v2\/media?parent=42659"}],"wp:term":[{"taxonomy":"product_brand","embeddable":true,"href":"https:\/\/singuli.wpress.me\/index.php\/wp-json\/wp\/v2\/product_brand?post=42659"},{"taxonomy":"product_cat","embeddable":true,"href":"https:\/\/singuli.wpress.me\/index.php\/wp-json\/wp\/v2\/product_cat?post=42659"},{"taxonomy":"product_tag","embeddable":true,"href":"https:\/\/singuli.wpress.me\/index.php\/wp-json\/wp\/v2\/product_tag?post=42659"}],"curies":[{"name":"wp","href":"https:\/\/api.w.org\/{rel}","templated":true}]}}