{"id":42663,"date":"2026-04-19T15:28:59","date_gmt":"2026-04-19T15:28:59","guid":{"rendered":"https:\/\/singuli.wpress.me\/index.php\/proizvod\/eti-dare-napolitanke-24x50g-2\/"},"modified":"2026-04-20T12:33:47","modified_gmt":"2026-04-20T12:33:47","slug":"eti-dare-napolitanke-24x50g-2","status":"publish","type":"product","link":"https:\/\/singuli.wpress.me\/index.php\/proizvod\/eti-dare-napolitanke-24x50g-2\/","title":{"rendered":"ETI Dare, napolitanke, 24x50g"},"content":{"rendered":"<p>Inovativan proizvod jedinstvenog oblika s kombinacijom kakao kreme, 3 sloja hrskavog vafla i preljevom od tamne \u010dokolade. <\/p>\n<p>Dare \u010dokoladna napolitanka je za one koji vole tamnu \u010dokoladu. Donosi vrlo intenzivan osjetilni do\u017eivljaj koji stimulira va\u0161a osjetila i tjera vas da se prepustite u\u017eitku zahvaljuju\u0107i kombinaciji preto\u010dne kreme od tamne \u010dokolade, slojeva vafla koji se tope u ustima i preljeva od tamne \u010dokolade. Dare je inovativan proizvod vrhunske kvalitete koji generira sklonost okusu tamne \u010dokolade.<\/p>\n","protected":false},"excerpt":{"rendered":"<p>Inovativan proizvod jedinstvenog oblika<br \/>\nKombinacija kakao kreme, 3 sloja hrskavog vafla i preljev od tamne \u010dokolade<br \/>\nVrhunska kvaliteta i vrhunski okus<\/p>\n","protected":false},"featured_media":0,"template":"","meta":{"_seopress_robots_primary_cat":"","_seopress_titles_title":"","_seopress_titles_desc":"","_seopress_robots_index":"","iawp_total_views":0},"product_brand":[499],"product_cat":[261,277],"product_tag":[],"class_list":{"0":"post-42663","1":"product","2":"type-product","3":"status-publish","5":"product_brand-eti","6":"product_cat-hrana-i-pice","7":"product_cat-slatkisi-i-grickalice-261","9":"first","10":"outofstock","11":"shipping-taxable","12":"purchasable","13":"product-type-simple"},"_links":{"self":[{"href":"https:\/\/singuli.wpress.me\/index.php\/wp-json\/wp\/v2\/product\/42663","targetHints":{"allow":["GET"]}}],"collection":[{"href":"https:\/\/singuli.wpress.me\/index.php\/wp-json\/wp\/v2\/product"}],"about":[{"href":"https:\/\/singuli.wpress.me\/index.php\/wp-json\/wp\/v2\/types\/product"}],"version-history":[{"count":0,"href":"https:\/\/singuli.wpress.me\/index.php\/wp-json\/wp\/v2\/product\/42663\/revisions"}],"wp:attachment":[{"href":"https:\/\/singuli.wpress.me\/index.php\/wp-json\/wp\/v2\/media?parent=42663"}],"wp:term":[{"taxonomy":"product_brand","embeddable":true,"href":"https:\/\/singuli.wpress.me\/index.php\/wp-json\/wp\/v2\/product_brand?post=42663"},{"taxonomy":"product_cat","embeddable":true,"href":"https:\/\/singuli.wpress.me\/index.php\/wp-json\/wp\/v2\/product_cat?post=42663"},{"taxonomy":"product_tag","embeddable":true,"href":"https:\/\/singuli.wpress.me\/index.php\/wp-json\/wp\/v2\/product_tag?post=42663"}],"curies":[{"name":"wp","href":"https:\/\/api.w.org\/{rel}","templated":true}]}}