{"id":42668,"date":"2026-04-19T15:29:01","date_gmt":"2026-04-19T15:29:01","guid":{"rendered":"https:\/\/singuli.wpress.me\/index.php\/proizvod\/laica-ps7030-baby-vaga\/"},"modified":"2026-04-20T12:33:47","modified_gmt":"2026-04-20T12:33:47","slug":"laica-ps7030-baby-vaga","status":"publish","type":"product","link":"https:\/\/singuli.wpress.me\/index.php\/proizvod\/laica-ps7030-baby-vaga\/","title":{"rendered":"LAICA PS7030, baby vaga"},"content":{"rendered":"<p>Elektronska vaga za bebe koja mjeri te\u017einu novoro\u0111en\u010deta. Opremljena je s funkcijom TARA koja omogu\u0107uje vaganje djeteta s mekom krpom ili ru\u010dnikom i funkcijom BLOKIRANJA TE\u017dINE, korisnom za zaustavljanje te\u017eine djeteta na zaslonu i pored njegovih neprekidnih pokreta. Kompatibilna je s bluetooth 4.0 i novijom tehnologijom za automatsko slanje prikupljenih podataka na va\u0161 pametni telefon radi pra\u0107enja rasta djeteta u bilo kojem trenutku.<\/p>\n","protected":false},"excerpt":{"rendered":"<p>Prijenos podataka izme\u0111u vage i pametnog telefona putem Bluetooth 4.0<br \/>\nLako \u010ditljiv LCD ekran i funkcija blokade izmjerene te\u017eine i TARE funkcija<br \/>\nZa potpunu kontrolu nad te\u017einom va\u0161eg djeteta<\/p>\n","protected":false},"featured_media":0,"template":"","meta":{"_seopress_robots_primary_cat":"","_seopress_titles_title":"","_seopress_titles_desc":"","_seopress_robots_index":"","iawp_total_views":0},"product_brand":[148],"product_cat":[211,286],"product_tag":[],"class_list":{"0":"post-42668","1":"product","2":"type-product","3":"status-publish","5":"product_brand-laica","6":"product_cat-njega-majke-i-djeteta","7":"product_cat-oprema-za-bebe-211","9":"first","10":"outofstock","11":"shipping-taxable","12":"purchasable","13":"product-type-simple"},"_links":{"self":[{"href":"https:\/\/singuli.wpress.me\/index.php\/wp-json\/wp\/v2\/product\/42668","targetHints":{"allow":["GET"]}}],"collection":[{"href":"https:\/\/singuli.wpress.me\/index.php\/wp-json\/wp\/v2\/product"}],"about":[{"href":"https:\/\/singuli.wpress.me\/index.php\/wp-json\/wp\/v2\/types\/product"}],"version-history":[{"count":0,"href":"https:\/\/singuli.wpress.me\/index.php\/wp-json\/wp\/v2\/product\/42668\/revisions"}],"wp:attachment":[{"href":"https:\/\/singuli.wpress.me\/index.php\/wp-json\/wp\/v2\/media?parent=42668"}],"wp:term":[{"taxonomy":"product_brand","embeddable":true,"href":"https:\/\/singuli.wpress.me\/index.php\/wp-json\/wp\/v2\/product_brand?post=42668"},{"taxonomy":"product_cat","embeddable":true,"href":"https:\/\/singuli.wpress.me\/index.php\/wp-json\/wp\/v2\/product_cat?post=42668"},{"taxonomy":"product_tag","embeddable":true,"href":"https:\/\/singuli.wpress.me\/index.php\/wp-json\/wp\/v2\/product_tag?post=42668"}],"curies":[{"name":"wp","href":"https:\/\/api.w.org\/{rel}","templated":true}]}}