{"id":42670,"date":"2026-04-19T15:29:02","date_gmt":"2026-04-19T15:29:02","guid":{"rendered":"https:\/\/singuli.wpress.me\/index.php\/proizvod\/df-motorno-ulje-hydro-46-20-l\/"},"modified":"2026-04-20T12:33:47","modified_gmt":"2026-04-20T12:33:47","slug":"df-motorno-ulje-hydro-46-20-l","status":"publish","type":"product","link":"https:\/\/singuli.wpress.me\/index.php\/proizvod\/df-motorno-ulje-hydro-46-20-l\/","title":{"rendered":"DF, motorno ulje, HYDRO 46, 20\u00a0l"},"content":{"rendered":"<p>Visokokvalitetno hidrauli\u010dko ulje, namijenjeno za mobilne hidrauli\u010dke aplikacije kao i u hidrostati\u010dkim transmisijama kod \u017eetelica i kombajna. Odlikuje ga toplinska stabilnost u modernim hidrauli\u010dkim sustavima koji rade u ekstremnim uvjetima optere\u0107enja i temperature. Izvrsna oksidacijska stabilnost u prisustvu zraka, vode i bakra. <\/p>\n<p>Specifikacije: AFNOR NF-E 48-603, Bosch-Rexroth Ref. Ref. 17421-00, RD 220-1\/04.03, Denison: HF-0, HF-1, HF-2, ISO: 11158 HM, Swedish Standard: SS 15 54 34 AM, Vickers: I-286 S.<\/p>\n","protected":false},"excerpt":{"rendered":"<p>Visokokvalitetno hidrauli\u010dko ulje, namijenjeno za mobilne hidrauli\u010dke aplikacije kao i u hidrostati\u010dkim transmisijama kod \u017eetelica i kombajna<br \/>\nOdlikuje ga toplinska stabilnost u modernim hidrauli\u010dkim sustavima koji rade u ekstremnim uvjetima optere\u0107enja i temperature<br \/>\nIzvrsna oksidacijska stabilnost u prisustvu zraka, vode i bakra<\/p>\n","protected":false},"featured_media":0,"template":"","meta":{"_seopress_robots_primary_cat":"","_seopress_titles_title":"","_seopress_titles_desc":"","_seopress_robots_index":"","iawp_total_views":0},"product_brand":[839],"product_cat":[243,276],"product_tag":[],"class_list":{"0":"post-42670","1":"product","2":"type-product","3":"status-publish","5":"product_brand-df","6":"product_cat-automobili-i-motori","7":"product_cat-industrijska-i-specijalna-ulja-243","9":"first","10":"instock","11":"shipping-taxable","12":"purchasable","13":"product-type-simple"},"_links":{"self":[{"href":"https:\/\/singuli.wpress.me\/index.php\/wp-json\/wp\/v2\/product\/42670","targetHints":{"allow":["GET"]}}],"collection":[{"href":"https:\/\/singuli.wpress.me\/index.php\/wp-json\/wp\/v2\/product"}],"about":[{"href":"https:\/\/singuli.wpress.me\/index.php\/wp-json\/wp\/v2\/types\/product"}],"version-history":[{"count":0,"href":"https:\/\/singuli.wpress.me\/index.php\/wp-json\/wp\/v2\/product\/42670\/revisions"}],"wp:attachment":[{"href":"https:\/\/singuli.wpress.me\/index.php\/wp-json\/wp\/v2\/media?parent=42670"}],"wp:term":[{"taxonomy":"product_brand","embeddable":true,"href":"https:\/\/singuli.wpress.me\/index.php\/wp-json\/wp\/v2\/product_brand?post=42670"},{"taxonomy":"product_cat","embeddable":true,"href":"https:\/\/singuli.wpress.me\/index.php\/wp-json\/wp\/v2\/product_cat?post=42670"},{"taxonomy":"product_tag","embeddable":true,"href":"https:\/\/singuli.wpress.me\/index.php\/wp-json\/wp\/v2\/product_tag?post=42670"}],"curies":[{"name":"wp","href":"https:\/\/api.w.org\/{rel}","templated":true}]}}