{"id":42673,"date":"2026-04-19T15:29:02","date_gmt":"2026-04-19T15:29:02","guid":{"rendered":"https:\/\/singuli.wpress.me\/index.php\/proizvod\/old-spice-whitewater-gel-za-tusiranje-1000-ml\/"},"modified":"2026-04-21T00:27:20","modified_gmt":"2026-04-21T00:27:20","slug":"old-spice-whitewater-gel-za-tusiranje-1000-ml","status":"publish","type":"product","link":"https:\/\/singuli.wpress.me\/index.php\/proizvod\/old-spice-whitewater-gel-za-tusiranje-1000-ml\/","title":{"rendered":"OLD SPICE Whitewater, gel za tu\u0161iranje, 1000\u00a0ml"},"content":{"rendered":"<p>Miri\u0161i kao mu\u0161karac, \u010dovje\u010de! Gel za tu\u0161iranje Old Spice Whitewater okupat \u0107e te nevjerojatnom svje\u017einom, a pritom sprati i naj\u017ee\u0161\u0107u prljav\u0161tinu. <\/p>\n<p>Njegov je miris izgubljena karika prema mu\u017eevnosti, barem tako ka\u017eu neki. Zato zgrabi ovaj gel i u\u0111i u legendu<\/p>\n","protected":false},"excerpt":{"rendered":"<p>Hidratantna formula<br \/>\nIznimna svje\u017eina<br \/>\nUklanja prljav\u0161tinu i neugodne mirise<\/p>\n","protected":false},"featured_media":0,"template":"","meta":{"_seopress_robots_primary_cat":"","_seopress_titles_title":"","_seopress_titles_desc":"","_seopress_robots_index":"","iawp_total_views":0},"product_brand":[448],"product_cat":[268,278],"product_tag":[],"class_list":{"0":"post-42673","1":"product","2":"type-product","3":"status-publish","5":"product_brand-old-spice","6":"product_cat-kozmetika-2","7":"product_cat-njega-tijela-268","9":"first","10":"instock","11":"shipping-taxable","12":"purchasable","13":"product-type-simple"},"_links":{"self":[{"href":"https:\/\/singuli.wpress.me\/index.php\/wp-json\/wp\/v2\/product\/42673","targetHints":{"allow":["GET"]}}],"collection":[{"href":"https:\/\/singuli.wpress.me\/index.php\/wp-json\/wp\/v2\/product"}],"about":[{"href":"https:\/\/singuli.wpress.me\/index.php\/wp-json\/wp\/v2\/types\/product"}],"version-history":[{"count":0,"href":"https:\/\/singuli.wpress.me\/index.php\/wp-json\/wp\/v2\/product\/42673\/revisions"}],"wp:attachment":[{"href":"https:\/\/singuli.wpress.me\/index.php\/wp-json\/wp\/v2\/media?parent=42673"}],"wp:term":[{"taxonomy":"product_brand","embeddable":true,"href":"https:\/\/singuli.wpress.me\/index.php\/wp-json\/wp\/v2\/product_brand?post=42673"},{"taxonomy":"product_cat","embeddable":true,"href":"https:\/\/singuli.wpress.me\/index.php\/wp-json\/wp\/v2\/product_cat?post=42673"},{"taxonomy":"product_tag","embeddable":true,"href":"https:\/\/singuli.wpress.me\/index.php\/wp-json\/wp\/v2\/product_tag?post=42673"}],"curies":[{"name":"wp","href":"https:\/\/api.w.org\/{rel}","templated":true}]}}