{"id":42674,"date":"2026-04-19T15:29:03","date_gmt":"2026-04-19T15:29:03","guid":{"rendered":"https:\/\/singuli.wpress.me\/index.php\/proizvod\/rimula-r5-m-10w40-motorno-ulje-za-gospodarska-vozila-209-l\/"},"modified":"2026-04-20T12:33:47","modified_gmt":"2026-04-20T12:33:47","slug":"rimula-r5-m-10w40-motorno-ulje-za-gospodarska-vozila-209-l","status":"publish","type":"product","link":"https:\/\/singuli.wpress.me\/index.php\/proizvod\/rimula-r5-m-10w40-motorno-ulje-za-gospodarska-vozila-209-l\/","title":{"rendered":"RIMULA R5 M 10W40 , motorno ulje za gospodarska vozila, 209\u00a0l"},"content":{"rendered":"<p>Motorno ulje sinteti\u010dne osnove za dizelske motore gospodarskih vozila. <\/p>\n<p>Snaga za\u0161tite je dodatno poja\u010dana upotrebom sinteti\u010dnih baznih ulja koja poja\u010davaju djelovanje aditiva za prilago\u0111avanje raznim uvjetima vo\u017enje i produljenom intervalu izmjene ulja. <\/p>\n<p>Posebice prikladno za moderne Mercedes-Benz i MAN te\u0161ko optere\u0107ene dizelske motore s niskom emisijom \u0161tetnih plinova (Euro 2,3).<\/p>\n<p><span style=\"font-weight: bold\">Specifikacija:<\/span> ACEA E4, IVECO T3 E4 ( udovoljava), MAN 3277, MB odobrenje 228.5<\/p>\n","protected":false},"excerpt":{"rendered":"<p>Prilago\u0111eno raznim uvjetima vo\u017enje i produljeni interval izmjene ulja<br \/>\nPrikladno za moderne Mercedes-Benz i MAN te\u0161ko optere\u0107ene dizelske motore<br \/>\nSpecifikacija u opisu<\/p>\n","protected":false},"featured_media":0,"template":"","meta":{"_seopress_robots_primary_cat":"","_seopress_titles_title":"","_seopress_titles_desc":"","_seopress_robots_index":"","iawp_total_views":0},"product_brand":[469],"product_cat":[243,276,272],"product_tag":[],"class_list":{"0":"post-42674","1":"product","2":"type-product","3":"status-publish","5":"product_brand-rimula","6":"product_cat-automobili-i-motori","7":"product_cat-industrijska-i-specijalna-ulja-243","8":"product_cat-motorna-ulja-243","10":"first","11":"outofstock","12":"shipping-taxable","13":"purchasable","14":"product-type-simple"},"_links":{"self":[{"href":"https:\/\/singuli.wpress.me\/index.php\/wp-json\/wp\/v2\/product\/42674","targetHints":{"allow":["GET"]}}],"collection":[{"href":"https:\/\/singuli.wpress.me\/index.php\/wp-json\/wp\/v2\/product"}],"about":[{"href":"https:\/\/singuli.wpress.me\/index.php\/wp-json\/wp\/v2\/types\/product"}],"version-history":[{"count":0,"href":"https:\/\/singuli.wpress.me\/index.php\/wp-json\/wp\/v2\/product\/42674\/revisions"}],"wp:attachment":[{"href":"https:\/\/singuli.wpress.me\/index.php\/wp-json\/wp\/v2\/media?parent=42674"}],"wp:term":[{"taxonomy":"product_brand","embeddable":true,"href":"https:\/\/singuli.wpress.me\/index.php\/wp-json\/wp\/v2\/product_brand?post=42674"},{"taxonomy":"product_cat","embeddable":true,"href":"https:\/\/singuli.wpress.me\/index.php\/wp-json\/wp\/v2\/product_cat?post=42674"},{"taxonomy":"product_tag","embeddable":true,"href":"https:\/\/singuli.wpress.me\/index.php\/wp-json\/wp\/v2\/product_tag?post=42674"}],"curies":[{"name":"wp","href":"https:\/\/api.w.org\/{rel}","templated":true}]}}