{"id":42676,"date":"2026-04-19T15:29:03","date_gmt":"2026-04-19T15:29:03","guid":{"rendered":"https:\/\/singuli.wpress.me\/index.php\/proizvod\/aeroshell-oil-100-ulje-za-klipne-motora-6x0-946l-5-676-l\/"},"modified":"2026-04-20T12:33:47","modified_gmt":"2026-04-20T12:33:47","slug":"aeroshell-oil-100-ulje-za-klipne-motora-6x0-946l-5-676-l","status":"publish","type":"product","link":"https:\/\/singuli.wpress.me\/index.php\/proizvod\/aeroshell-oil-100-ulje-za-klipne-motora-6x0-946l-5-676-l\/","title":{"rendered":"AEROSHELL OIL 100, ulje za klipne motora, 6&#215;0.946l, 5.676\u00a0l"},"content":{"rendered":"<p>Mineralno ulje namijenjeno za klipove motora<br \/>\nzrakoplova. Ima visok indeks viskoznosti. Ulje ne sadr\u017ei aditive osim manje koli\u010dine potiskiva\u010da to\u010dke te\u010denja (za pobolj\u0161avanje protoka na vrlo niskim temperaturama) i antioksidanta (aditiva za pobolj\u0161avanje oksidacijske stabilnosti). Postoji u viskoznim gradacijama 65,80,100,120. Svaka od tih gradacija ozna\u010dava nivo viskoznosti pri temperaturi od 210\u2070F prema Saybolt univerzalnim sekundama. <\/p>\n<p><span style=\"font-weight: bold\">Specifikacija: <\/span>SAE J1966 SAE 50, ameri\u010dka specifikacija SAE J1966 zamijenjuje MIL-L-6082E, iako je bilo planirano da zamijeni britansku specifikaciju DERD 2472 specifikacijom DEF STAN to je sada stavljeno u suspenziju i umjesto toga usvojena je specifikacija SAE, NATO Code O-117, francuska:  (AIR 3560\/D SAE 50 gradacija), ruska: MS-20, Joint Service Designation: OM-270<\/p>\n","protected":false},"excerpt":{"rendered":"<p>Ulje za klipove motora zrakoplova<br \/>\nVisok indeks viskoznosti<br \/>\nNe sadr\u017ei aditive<\/p>\n","protected":false},"featured_media":0,"template":"","meta":{"_seopress_robots_primary_cat":"","_seopress_titles_title":"","_seopress_titles_desc":"","_seopress_robots_index":"","iawp_total_views":0},"product_brand":[482],"product_cat":[221,263],"product_tag":[],"class_list":{"0":"post-42676","1":"product","2":"type-product","3":"status-publish","5":"product_brand-aeroshell","6":"product_cat-igracke","7":"product_cat-tematske-igracke-221","9":"first","10":"instock","11":"shipping-taxable","12":"purchasable","13":"product-type-simple"},"_links":{"self":[{"href":"https:\/\/singuli.wpress.me\/index.php\/wp-json\/wp\/v2\/product\/42676","targetHints":{"allow":["GET"]}}],"collection":[{"href":"https:\/\/singuli.wpress.me\/index.php\/wp-json\/wp\/v2\/product"}],"about":[{"href":"https:\/\/singuli.wpress.me\/index.php\/wp-json\/wp\/v2\/types\/product"}],"version-history":[{"count":0,"href":"https:\/\/singuli.wpress.me\/index.php\/wp-json\/wp\/v2\/product\/42676\/revisions"}],"wp:attachment":[{"href":"https:\/\/singuli.wpress.me\/index.php\/wp-json\/wp\/v2\/media?parent=42676"}],"wp:term":[{"taxonomy":"product_brand","embeddable":true,"href":"https:\/\/singuli.wpress.me\/index.php\/wp-json\/wp\/v2\/product_brand?post=42676"},{"taxonomy":"product_cat","embeddable":true,"href":"https:\/\/singuli.wpress.me\/index.php\/wp-json\/wp\/v2\/product_cat?post=42676"},{"taxonomy":"product_tag","embeddable":true,"href":"https:\/\/singuli.wpress.me\/index.php\/wp-json\/wp\/v2\/product_tag?post=42676"}],"curies":[{"name":"wp","href":"https:\/\/api.w.org\/{rel}","templated":true}]}}