{"id":42677,"date":"2026-04-19T15:29:03","date_gmt":"2026-04-19T15:29:03","guid":{"rendered":"https:\/\/singuli.wpress.me\/index.php\/proizvod\/uhu-super-glue-jumbo-ljepilo-u-gelu-12-x-2g\/"},"modified":"2026-04-20T12:33:47","modified_gmt":"2026-04-20T12:33:47","slug":"uhu-super-glue-jumbo-ljepilo-u-gelu-12-x-2g","status":"publish","type":"product","link":"https:\/\/singuli.wpress.me\/index.php\/proizvod\/uhu-super-glue-jumbo-ljepilo-u-gelu-12-x-2g\/","title":{"rendered":"UHU Super Glue Jumbo, ljepilo u gelu, 12 x 2g"},"content":{"rendered":"<p>Izuzetno jako i brzo, drugo ljepilo u gelu, korekcije su mogu\u0107e odmah nakon nano\u0161enja ljepila, omogu\u0107ava \u010dist nanos bez kapanja. Idealan za lijepljenje poroznih materijala i vertikalnih povr\u0161ina. Otporan na pranje u perilici posu\u0111a i vodootporan.<\/p>\n<p>Idealan za lijepljenje malih povr\u0161ina. Prianja na gotovo sve tvrde i savitljive materijale, kao \u0161to su mnoge vrste plastike (kao \u0161to su tvrdi PVC, ABS, PS, Plexiglas\u00ae, polikarbonat (Makrolon\u00ae) i fenolne smole (Bakelite\u00ae)), porculan, keramika, ko\u017ea, metali, drvo, pluto, filc, tekstil (prvo provjerite prikladnost) i guma. Samo djelomi\u010dno prikladno za staklo (nakon odre\u0111enog vremena spoj postaje krt, \u0161to ga slabi). <\/p>\n<p>Nije prikladno za PE, PP, silikonske smole, PTFE, Styropor\u00ae, tkanine i ko\u017enu odje\u0107u.<\/p>\n","protected":false},"excerpt":{"rendered":"<p>Izuzetno jako i brzo, sekundarno gel ljepilo<br \/>\nLijepi gotovo sve tvrde i fleksibilne materijale<br \/>\nVodootporno ljepilo<\/p>\n","protected":false},"featured_media":0,"template":"","meta":{"_seopress_robots_primary_cat":"","_seopress_titles_title":"","_seopress_titles_desc":"","_seopress_robots_index":"","iawp_total_views":0},"product_brand":[445],"product_cat":[264,238],"product_tag":[],"class_list":{"0":"post-42677","1":"product","2":"type-product","3":"status-publish","5":"product_brand-uhu","6":"product_cat-ljepila-i-brtvila-238","7":"product_cat-sve-za-dom","9":"first","10":"instock","11":"shipping-taxable","12":"purchasable","13":"product-type-simple"},"_links":{"self":[{"href":"https:\/\/singuli.wpress.me\/index.php\/wp-json\/wp\/v2\/product\/42677","targetHints":{"allow":["GET"]}}],"collection":[{"href":"https:\/\/singuli.wpress.me\/index.php\/wp-json\/wp\/v2\/product"}],"about":[{"href":"https:\/\/singuli.wpress.me\/index.php\/wp-json\/wp\/v2\/types\/product"}],"version-history":[{"count":0,"href":"https:\/\/singuli.wpress.me\/index.php\/wp-json\/wp\/v2\/product\/42677\/revisions"}],"wp:attachment":[{"href":"https:\/\/singuli.wpress.me\/index.php\/wp-json\/wp\/v2\/media?parent=42677"}],"wp:term":[{"taxonomy":"product_brand","embeddable":true,"href":"https:\/\/singuli.wpress.me\/index.php\/wp-json\/wp\/v2\/product_brand?post=42677"},{"taxonomy":"product_cat","embeddable":true,"href":"https:\/\/singuli.wpress.me\/index.php\/wp-json\/wp\/v2\/product_cat?post=42677"},{"taxonomy":"product_tag","embeddable":true,"href":"https:\/\/singuli.wpress.me\/index.php\/wp-json\/wp\/v2\/product_tag?post=42677"}],"curies":[{"name":"wp","href":"https:\/\/api.w.org\/{rel}","templated":true}]}}