{"id":42683,"date":"2026-04-19T15:29:05","date_gmt":"2026-04-19T15:29:05","guid":{"rendered":"https:\/\/singuli.wpress.me\/index.php\/proizvod\/old-spice-bearglove-dezodorans-u-spreju-150-ml\/"},"modified":"2026-04-20T12:33:48","modified_gmt":"2026-04-20T12:33:48","slug":"old-spice-bearglove-dezodorans-u-spreju-150-ml","status":"publish","type":"product","link":"https:\/\/singuli.wpress.me\/index.php\/proizvod\/old-spice-bearglove-dezodorans-u-spreju-150-ml\/","title":{"rendered":"OLD SPICE Bearglove, dezodorans u spreju, 150\u00a0ml"},"content":{"rendered":"<p>Mo\u017ee\u0161 li zamisliti sna\u017enog, stra\u0161nog grizlija koji zna popravljati vojne helikoptere, ali i raspravljati o politi\u010dkoj situaciji u svijetu na najvi\u0161em nivou? Da? Onda je ovo miris ba\u0161 za tebe. Ovaj je miris inspiriran naj\u010di\u0161\u0107im sastojcima, za mu\u017eevne, zavodljive i opasne mu\u0161karce. Neka avantura zapo\u010dne. Budi divlji. <\/p>\n<p>Dezodorans i sprej za tijelo Old Spice Bearglove nagla\u0161ava tvoju mu\u017eevnu mo\u0107. Ovo je dezodorans za samouvjerene mu\u0161karce, sna\u017ene osobnosti, koji znaju kako mirisati dobro. <\/p>\n<p>Old Spice donosi \u0161iroku ponudu dezodoransa za mu\u0161karce koji \u017eive dinami\u010dnim i nekonvencionalnim \u017eivotom. <\/p>\n<p>Izrazito mu\u017eevan miris koji sna\u017ei i osvje\u017eava. Nema vi\u0161e neugodnog mirisa ispod pazuha, samo \u010dista mu\u017eevnost. Za ro\u0111ene vo\u0111e.<\/p>\n","protected":false},"excerpt":{"rendered":"<p>Tehnologija cjelodnevnog mirisa<br \/>\nMo\u0107no nadja\u010dava neugodne mirise<br \/>\nZa\u0161tita od bijelih i \u017eutih mrlja<\/p>\n","protected":false},"featured_media":0,"template":"","meta":{"_seopress_robots_primary_cat":"","_seopress_titles_title":"","_seopress_titles_desc":"","_seopress_robots_index":"","iawp_total_views":0},"product_brand":[448],"product_cat":[268,278],"product_tag":[],"class_list":{"0":"post-42683","1":"product","2":"type-product","3":"status-publish","5":"product_brand-old-spice","6":"product_cat-kozmetika-2","7":"product_cat-njega-tijela-268","9":"first","10":"instock","11":"shipping-taxable","12":"purchasable","13":"product-type-simple"},"_links":{"self":[{"href":"https:\/\/singuli.wpress.me\/index.php\/wp-json\/wp\/v2\/product\/42683","targetHints":{"allow":["GET"]}}],"collection":[{"href":"https:\/\/singuli.wpress.me\/index.php\/wp-json\/wp\/v2\/product"}],"about":[{"href":"https:\/\/singuli.wpress.me\/index.php\/wp-json\/wp\/v2\/types\/product"}],"version-history":[{"count":0,"href":"https:\/\/singuli.wpress.me\/index.php\/wp-json\/wp\/v2\/product\/42683\/revisions"}],"wp:attachment":[{"href":"https:\/\/singuli.wpress.me\/index.php\/wp-json\/wp\/v2\/media?parent=42683"}],"wp:term":[{"taxonomy":"product_brand","embeddable":true,"href":"https:\/\/singuli.wpress.me\/index.php\/wp-json\/wp\/v2\/product_brand?post=42683"},{"taxonomy":"product_cat","embeddable":true,"href":"https:\/\/singuli.wpress.me\/index.php\/wp-json\/wp\/v2\/product_cat?post=42683"},{"taxonomy":"product_tag","embeddable":true,"href":"https:\/\/singuli.wpress.me\/index.php\/wp-json\/wp\/v2\/product_tag?post=42683"}],"curies":[{"name":"wp","href":"https:\/\/api.w.org\/{rel}","templated":true}]}}