{"id":42684,"date":"2026-04-19T15:29:05","date_gmt":"2026-04-19T15:29:05","guid":{"rendered":"https:\/\/singuli.wpress.me\/index.php\/proizvod\/neutro-roberts-manneti-tekuci-sapun-s-bademovim-uljem-400-ml\/"},"modified":"2026-04-20T12:33:48","modified_gmt":"2026-04-20T12:33:48","slug":"neutro-roberts-manneti-tekuci-sapun-s-bademovim-uljem-400-ml","status":"publish","type":"product","link":"https:\/\/singuli.wpress.me\/index.php\/proizvod\/neutro-roberts-manneti-tekuci-sapun-s-bademovim-uljem-400-ml\/","title":{"rendered":"NEUTRO ROBERTS Manneti, teku\u0107i sapun, s bademovim uljem, 400\u00a0ml"},"content":{"rendered":"<p>Teku\u0107i sapun nje\u017ean prema ko\u017ei ruku, s funkcijom dezinfekcije i fiziolo\u0161kim pH.<\/p>\n<p>Bademovo ulje poma\u017ee intenzivno hraniti ko\u017eu, \u010dine\u0107i je ugodno mekom i bar\u0161unastom..<\/p>\n<p>Formula je prikladna za ko\u017eu ruku, lica i tijela.<\/p>\n","protected":false},"excerpt":{"rendered":"<p>Funkcija dezinfekcije i fiziolo\u0161kim pH<br \/>\nIntenzivno hrani ko\u017eu<br \/>\nFormula prikladna za ko\u017eu ruku, lica i tijela<\/p>\n","protected":false},"featured_media":0,"template":"","meta":{"_seopress_robots_primary_cat":"","_seopress_titles_title":"","_seopress_titles_desc":"","_seopress_robots_index":"","iawp_total_views":0},"product_brand":[412],"product_cat":[268,278],"product_tag":[],"class_list":{"0":"post-42684","1":"product","2":"type-product","3":"status-publish","5":"product_brand-neutro-roberts","6":"product_cat-kozmetika-2","7":"product_cat-njega-tijela-268","9":"first","10":"outofstock","11":"shipping-taxable","12":"purchasable","13":"product-type-simple"},"_links":{"self":[{"href":"https:\/\/singuli.wpress.me\/index.php\/wp-json\/wp\/v2\/product\/42684","targetHints":{"allow":["GET"]}}],"collection":[{"href":"https:\/\/singuli.wpress.me\/index.php\/wp-json\/wp\/v2\/product"}],"about":[{"href":"https:\/\/singuli.wpress.me\/index.php\/wp-json\/wp\/v2\/types\/product"}],"version-history":[{"count":0,"href":"https:\/\/singuli.wpress.me\/index.php\/wp-json\/wp\/v2\/product\/42684\/revisions"}],"wp:attachment":[{"href":"https:\/\/singuli.wpress.me\/index.php\/wp-json\/wp\/v2\/media?parent=42684"}],"wp:term":[{"taxonomy":"product_brand","embeddable":true,"href":"https:\/\/singuli.wpress.me\/index.php\/wp-json\/wp\/v2\/product_brand?post=42684"},{"taxonomy":"product_cat","embeddable":true,"href":"https:\/\/singuli.wpress.me\/index.php\/wp-json\/wp\/v2\/product_cat?post=42684"},{"taxonomy":"product_tag","embeddable":true,"href":"https:\/\/singuli.wpress.me\/index.php\/wp-json\/wp\/v2\/product_tag?post=42684"}],"curies":[{"name":"wp","href":"https:\/\/api.w.org\/{rel}","templated":true}]}}