{"id":42685,"date":"2026-04-19T15:29:06","date_gmt":"2026-04-19T15:29:06","guid":{"rendered":"https:\/\/singuli.wpress.me\/index.php\/proizvod\/old-spice-bearglove-gel-za-tusiranje-i-sampon-250-ml\/"},"modified":"2026-04-20T12:33:48","modified_gmt":"2026-04-20T12:33:48","slug":"old-spice-bearglove-gel-za-tusiranje-i-sampon-250-ml","status":"publish","type":"product","link":"https:\/\/singuli.wpress.me\/index.php\/proizvod\/old-spice-bearglove-gel-za-tusiranje-i-sampon-250-ml\/","title":{"rendered":"OLD SPICE Bearglove, gel za tu\u0161iranje i \u0161ampon, 250\u00a0ml"},"content":{"rendered":"<p>Mo\u017ee\u0161 li zamisliti sna\u017enog, stra\u0161nog grizlija koji zna popravljati vojne helikoptere, ali i raspravljati o politi\u010dkoj situaciji u svijetu na najvi\u0161em nivou? Da? Onda je ovo miris ba\u0161 za tebe. <\/p>\n<p>Old Spice Bearglove nadahnut je naj\u010di\u0161\u0107im sastojcima, za mu\u017eevne, zavodljive i opasne mu\u0161karce. <\/p>\n<p>Gel za tu\u0161iranje Old Spice nagla\u0161ava tvoje mu\u017eevne mo\u0107i. Stvoren je za samouvjerene mu\u0161karce, sna\u017ene osobnosti, koji znaju kako mirisati dobro. <\/p>\n<p>Old Spice donosi \u0161iroku ponudu gelova za tu\u0161iranje za mu\u0161karce koji \u017eive dinami\u010dnim i nekonvencionalnim \u017eivotom. Izrazito mu\u017eevan miris koji sna\u017ei i osvje\u017eava. Za ro\u0111ene vo\u0111e.<\/p>\n","protected":false},"excerpt":{"rendered":"<p>2u1: gel za tu\u0161iranje i \u0161ampon<br \/>\nMu\u017eevan miris<br \/>\nHidratantna formula<\/p>\n","protected":false},"featured_media":0,"template":"","meta":{"_seopress_robots_primary_cat":"","_seopress_titles_title":"","_seopress_titles_desc":"","_seopress_robots_index":"","iawp_total_views":0},"product_brand":[448],"product_cat":[268,278],"product_tag":[],"class_list":{"0":"post-42685","1":"product","2":"type-product","3":"status-publish","5":"product_brand-old-spice","6":"product_cat-kozmetika-2","7":"product_cat-njega-tijela-268","9":"first","10":"outofstock","11":"shipping-taxable","12":"purchasable","13":"product-type-simple"},"_links":{"self":[{"href":"https:\/\/singuli.wpress.me\/index.php\/wp-json\/wp\/v2\/product\/42685","targetHints":{"allow":["GET"]}}],"collection":[{"href":"https:\/\/singuli.wpress.me\/index.php\/wp-json\/wp\/v2\/product"}],"about":[{"href":"https:\/\/singuli.wpress.me\/index.php\/wp-json\/wp\/v2\/types\/product"}],"version-history":[{"count":0,"href":"https:\/\/singuli.wpress.me\/index.php\/wp-json\/wp\/v2\/product\/42685\/revisions"}],"wp:attachment":[{"href":"https:\/\/singuli.wpress.me\/index.php\/wp-json\/wp\/v2\/media?parent=42685"}],"wp:term":[{"taxonomy":"product_brand","embeddable":true,"href":"https:\/\/singuli.wpress.me\/index.php\/wp-json\/wp\/v2\/product_brand?post=42685"},{"taxonomy":"product_cat","embeddable":true,"href":"https:\/\/singuli.wpress.me\/index.php\/wp-json\/wp\/v2\/product_cat?post=42685"},{"taxonomy":"product_tag","embeddable":true,"href":"https:\/\/singuli.wpress.me\/index.php\/wp-json\/wp\/v2\/product_tag?post=42685"}],"curies":[{"name":"wp","href":"https:\/\/api.w.org\/{rel}","templated":true}]}}