{"id":42686,"date":"2026-04-19T15:29:06","date_gmt":"2026-04-19T15:29:06","guid":{"rendered":"https:\/\/singuli.wpress.me\/index.php\/proizvod\/bildo-igracka-veliki-set-alata-za-auto-servis\/"},"modified":"2026-04-20T12:33:48","modified_gmt":"2026-04-20T12:33:48","slug":"bildo-igracka-veliki-set-alata-za-auto-servis","status":"publish","type":"product","link":"https:\/\/singuli.wpress.me\/index.php\/proizvod\/bildo-igracka-veliki-set-alata-za-auto-servis\/","title":{"rendered":"BILDO, igra\u010dka, veliki set alata za auto servis"},"content":{"rendered":"<p>Tvoj veliki set alata za auto servis!<\/p>\n<p>Upotrijebi ma\u0161tu i zaigraj se ovim setom od preko 30 dijelova.<\/p>\n<p>Igra\u010dka je namijenjena za \u201eigru uloga\u201c.<\/p>\n<p>Zabavi se!<\/p>\n<p>Visina 53 cm.<\/p>\n<p>Sa pakiranja mo\u017ee\u0161 izrezati prema to\u010dkicama 2 kartice za dodatnu igru.<\/p>\n<p>Dob: 3+<\/p>\n","protected":false},"excerpt":{"rendered":"<p>Set ima preko 30 dijelova<br \/>\nVisina 53cm<br \/>\nDob: 3+ god<\/p>\n","protected":false},"featured_media":0,"template":"","meta":{"_seopress_robots_primary_cat":"","_seopress_titles_title":"","_seopress_titles_desc":"","_seopress_robots_index":"","iawp_total_views":0},"product_brand":[512],"product_cat":[221,291],"product_tag":[],"class_list":{"0":"post-42686","1":"product","2":"type-product","3":"status-publish","5":"product_brand-bildo","6":"product_cat-igracke","7":"product_cat-igracke-za-djecu-221","9":"first","10":"outofstock","11":"shipping-taxable","12":"purchasable","13":"product-type-simple"},"_links":{"self":[{"href":"https:\/\/singuli.wpress.me\/index.php\/wp-json\/wp\/v2\/product\/42686","targetHints":{"allow":["GET"]}}],"collection":[{"href":"https:\/\/singuli.wpress.me\/index.php\/wp-json\/wp\/v2\/product"}],"about":[{"href":"https:\/\/singuli.wpress.me\/index.php\/wp-json\/wp\/v2\/types\/product"}],"version-history":[{"count":0,"href":"https:\/\/singuli.wpress.me\/index.php\/wp-json\/wp\/v2\/product\/42686\/revisions"}],"wp:attachment":[{"href":"https:\/\/singuli.wpress.me\/index.php\/wp-json\/wp\/v2\/media?parent=42686"}],"wp:term":[{"taxonomy":"product_brand","embeddable":true,"href":"https:\/\/singuli.wpress.me\/index.php\/wp-json\/wp\/v2\/product_brand?post=42686"},{"taxonomy":"product_cat","embeddable":true,"href":"https:\/\/singuli.wpress.me\/index.php\/wp-json\/wp\/v2\/product_cat?post=42686"},{"taxonomy":"product_tag","embeddable":true,"href":"https:\/\/singuli.wpress.me\/index.php\/wp-json\/wp\/v2\/product_tag?post=42686"}],"curies":[{"name":"wp","href":"https:\/\/api.w.org\/{rel}","templated":true}]}}