{"id":42687,"date":"2026-04-19T15:29:06","date_gmt":"2026-04-19T15:29:06","guid":{"rendered":"https:\/\/singuli.wpress.me\/index.php\/proizvod\/gadus-sredstvo-za-podmazivanje-s3-wirerope-t-aerosol-0-4-kg\/"},"modified":"2026-04-20T12:33:48","modified_gmt":"2026-04-20T12:33:48","slug":"gadus-sredstvo-za-podmazivanje-s3-wirerope-t-aerosol-0-4-kg","status":"publish","type":"product","link":"https:\/\/singuli.wpress.me\/index.php\/proizvod\/gadus-sredstvo-za-podmazivanje-s3-wirerope-t-aerosol-0-4-kg\/","title":{"rendered":"GADUS, sredstvo za podmazivanje, S3 Wirerope T Aerosol, 0.4\u00a0kg"},"content":{"rendered":"<p><p><span style=\"font-weight: bold\">Shell Gadus S3 Wirerope T Aerosol<\/span> \u2013 vrhunsko sredstvo za otvorene zup\u010danike i \u010deli\u010dnu u\u017ead. Bazira se na anorganskom ugu\u0161\u010diva\u010du i vrlo viskoznom mineralnom ulju koje sadr\u017ei aditive za za\u0161titu od oksidacije i tro\u0161enja, ekstremnih pritisaka, inhibitore korozije te grafit kao kruto mazivo. Shell gadus S3 Wirerope T Aerosol je sredstvo za podmazivanje bez otapala.<br \/>\n<span style=\"font-weight: bold\">Zna\u010dajke:<\/span> izvrsne performanse pri te\u0161kim optere\u0107enjima i odli\u010dna za\u0161tita od tro\u0161enja, dobra prionljivost, odbija vodu.<br \/>\n<span style=\"font-weight: bold\">Glavne primjene: <\/span>pakiranje u spreju razvijeno za sljede\u0107e aplikacije: otvorene zup\u010danike, zup\u010daste letve, klizne povr\u0161ine i \u010deli\u010dnu u\u017ead<\/p>\n<p><span style=\"font-weight: bold\">Sigurnosno upozorenje:<\/span><\/p>\n<p><img decoding=\"async\" src=\"https:\/\/prod-minio-orbico.nd0.pl\/orbico.ohr\/Piktogrami\/Zapaljivo.png\" alt=\"Zapaljivo\" style=\"max-width: 10%;height: auto\"><\/p>\n<p><img decoding=\"async\" src=\"https:\/\/prod-minio-orbico.nd0.pl\/orbico.ohr\/Piktogrami\/Pozor.png\" alt=\"Pozor\" style=\"max-width: 10%;height: auto\"><\/p>\n<p>&#8211; H222 -Vrlo lako zapaljivi aerosol.<\/p>\n<p>&#8211; H229 &#8211; Spremnik pod tlakom: mo\u017ee se rasprsnuti ako se grije<\/p>\n<p>&#8211; H315 &#8211; Nadra\u017euje ko\u017eu.<\/p>\n<p>&#8211; H412 &#8211; \u0160tetno za vodeni okoli\u0161 s dugotrajnim u\u010dincima.<\/p>\n","protected":false},"excerpt":{"rendered":"<p>Vrhunsko sredstvo za otvorene zup\u010danike i \u010deli\u010dnu u\u017ead<br \/>\nBazira se na anorganskom ugu\u0161\u010diva\u010du i vrlo viskoznom mineralnom ulju<br \/>\nPakiranje u spreju<\/p>\n","protected":false},"featured_media":0,"template":"","meta":{"_seopress_robots_primary_cat":"","_seopress_titles_title":"","_seopress_titles_desc":"","_seopress_robots_index":"","iawp_total_views":0},"product_brand":[413],"product_cat":[268,278],"product_tag":[],"class_list":{"0":"post-42687","1":"product","2":"type-product","3":"status-publish","5":"product_brand-gadus","6":"product_cat-kozmetika-2","7":"product_cat-njega-tijela-268","9":"first","10":"instock","11":"shipping-taxable","12":"purchasable","13":"product-type-simple"},"_links":{"self":[{"href":"https:\/\/singuli.wpress.me\/index.php\/wp-json\/wp\/v2\/product\/42687","targetHints":{"allow":["GET"]}}],"collection":[{"href":"https:\/\/singuli.wpress.me\/index.php\/wp-json\/wp\/v2\/product"}],"about":[{"href":"https:\/\/singuli.wpress.me\/index.php\/wp-json\/wp\/v2\/types\/product"}],"version-history":[{"count":0,"href":"https:\/\/singuli.wpress.me\/index.php\/wp-json\/wp\/v2\/product\/42687\/revisions"}],"wp:attachment":[{"href":"https:\/\/singuli.wpress.me\/index.php\/wp-json\/wp\/v2\/media?parent=42687"}],"wp:term":[{"taxonomy":"product_brand","embeddable":true,"href":"https:\/\/singuli.wpress.me\/index.php\/wp-json\/wp\/v2\/product_brand?post=42687"},{"taxonomy":"product_cat","embeddable":true,"href":"https:\/\/singuli.wpress.me\/index.php\/wp-json\/wp\/v2\/product_cat?post=42687"},{"taxonomy":"product_tag","embeddable":true,"href":"https:\/\/singuli.wpress.me\/index.php\/wp-json\/wp\/v2\/product_tag?post=42687"}],"curies":[{"name":"wp","href":"https:\/\/api.w.org\/{rel}","templated":true}]}}