{"id":42692,"date":"2026-04-19T15:29:07","date_gmt":"2026-04-19T15:29:07","guid":{"rendered":"https:\/\/singuli.wpress.me\/index.php\/proizvod\/oral-b-complete-clean-zubna-cetkica\/"},"modified":"2026-04-20T12:33:48","modified_gmt":"2026-04-20T12:33:48","slug":"oral-b-complete-clean-zubna-cetkica","status":"publish","type":"product","link":"https:\/\/singuli.wpress.me\/index.php\/proizvod\/oral-b-complete-clean-zubna-cetkica\/","title":{"rendered":"ORAL-B Complete Clean, zubna \u010detkica"},"content":{"rendered":"<p>Klasi\u010dna zubna \u010detkica <span style=\"font-weight: bold\">Oral-B Complete Clean<\/span> \u010disti te\u0161ko dostupna mjesta i jo\u0161 bolje uklanja zubne naslage. Nje\u017eno \u010disti sve do stra\u017enjeg dijela usne \u0161upljine.<\/p>\n","protected":false},"excerpt":{"rendered":"<p>Srednje tvrda \u010detkica<br \/>\nUklanja vi\u0161e zubnih naslaga od obi\u010dne klasi\u010dne zubne \u010detkice<br \/>\nOblikovana tako da dopre te\u0161ko dostupnih mjesta i pomogne ih o\u010distiti<\/p>\n","protected":false},"featured_media":0,"template":"","meta":{"_seopress_robots_primary_cat":"","_seopress_titles_title":"","_seopress_titles_desc":"","_seopress_robots_index":"","iawp_total_views":0},"product_brand":[423],"product_cat":[192,208,207],"product_tag":[],"class_list":{"0":"post-42692","1":"product","2":"type-product","3":"status-publish","5":"product_brand-oral-b-2","6":"product_cat-aparati-za-osobnu-njegu","7":"product_cat-elektricne-i-manualne-cetkice-za-odrasle-i-djecu","8":"product_cat-oralna-higijena","10":"first","11":"outofstock","12":"shipping-taxable","13":"purchasable","14":"product-type-simple"},"_links":{"self":[{"href":"https:\/\/singuli.wpress.me\/index.php\/wp-json\/wp\/v2\/product\/42692","targetHints":{"allow":["GET"]}}],"collection":[{"href":"https:\/\/singuli.wpress.me\/index.php\/wp-json\/wp\/v2\/product"}],"about":[{"href":"https:\/\/singuli.wpress.me\/index.php\/wp-json\/wp\/v2\/types\/product"}],"version-history":[{"count":0,"href":"https:\/\/singuli.wpress.me\/index.php\/wp-json\/wp\/v2\/product\/42692\/revisions"}],"wp:attachment":[{"href":"https:\/\/singuli.wpress.me\/index.php\/wp-json\/wp\/v2\/media?parent=42692"}],"wp:term":[{"taxonomy":"product_brand","embeddable":true,"href":"https:\/\/singuli.wpress.me\/index.php\/wp-json\/wp\/v2\/product_brand?post=42692"},{"taxonomy":"product_cat","embeddable":true,"href":"https:\/\/singuli.wpress.me\/index.php\/wp-json\/wp\/v2\/product_cat?post=42692"},{"taxonomy":"product_tag","embeddable":true,"href":"https:\/\/singuli.wpress.me\/index.php\/wp-json\/wp\/v2\/product_tag?post=42692"}],"curies":[{"name":"wp","href":"https:\/\/api.w.org\/{rel}","templated":true}]}}