{"id":42693,"date":"2026-04-19T15:29:08","date_gmt":"2026-04-19T15:29:08","guid":{"rendered":"https:\/\/singuli.wpress.me\/index.php\/proizvod\/helix-ultra-0w40-motorno-ulje-za-osobna-vozila-12x1l-12-l\/"},"modified":"2026-04-20T12:33:48","modified_gmt":"2026-04-20T12:33:48","slug":"helix-ultra-0w40-motorno-ulje-za-osobna-vozila-12x1l-12-l","status":"publish","type":"product","link":"https:\/\/singuli.wpress.me\/index.php\/proizvod\/helix-ultra-0w40-motorno-ulje-za-osobna-vozila-12x1l-12-l\/","title":{"rendered":"HELIX ULTRA 0W40 , motorno ulje za osobna vozila, 12x1l, 12\u00a0l"},"content":{"rendered":"<p>Potpuno sinteti\u010dko motorno ulje koje koristi jedinstvenu Shellovu vrhunsku aktivnu tehnologiju \u010di\u0161\u0107enja za odr\u017eavanje motora visokih performansi i poma\u017ee motorima da rade s maksimalnom u\u010dinkovito\u0161\u0107u poma\u017eu\u0107i im u za\u0161titi od naslaga i tro\u0161enja. <\/p>\n<p>Poma\u017ee smanjiti trenje dijelova motora kako bi se osigurala smanjena potro\u0161nja goriva. <\/p>\n<p>Poma\u017ee produljiti \u017eivotni vijek motora \u0161tite\u0107i povr\u0161ine od tro\u0161enja i u\u010dinkovito neutralizira kisele produkte nastali izgaranjem. <\/p>\n<p>Prilago\u0111eno za benzinske, dizel, biodizel i motore na plin, prikladno i za motore na biodizel i benzin\/ethanol smjesu. <\/p>\n<p>Prikladno koristiti za benzinske motori s turbopunja\u010dem i izravnim ubrizgavanjem koji su osjetljivi na LSPI efekt (preuranjeno paljenje pri niskom broju okretaja i velikom optere\u0107enju).<\/p>\n<p><span style=\"font-weight: bold\">Specifikacija: <\/span>API SN Plus, API SN, ACEA A3\/B3, A3\/B4, MB odobrenje 226.5, 229.5, VW standard 502.00, 505.00, Renault RN 0700, RN 0710.<\/p>\n","protected":false},"excerpt":{"rendered":"<p>\u0160titi od naslaga i tro\u0161enja<br \/>\nPoma\u017ee smanjiti trenje motora<br \/>\nSpecifikacija u opisu<\/p>\n","protected":false},"featured_media":0,"template":"","meta":{"_seopress_robots_primary_cat":"","_seopress_titles_title":"","_seopress_titles_desc":"","_seopress_robots_index":"","iawp_total_views":0},"product_brand":[398],"product_cat":[243,272],"product_tag":[],"class_list":{"0":"post-42693","1":"product","2":"type-product","3":"status-publish","5":"product_brand-helix","6":"product_cat-automobili-i-motori","7":"product_cat-motorna-ulja-243","9":"first","10":"outofstock","11":"shipping-taxable","12":"purchasable","13":"product-type-simple"},"_links":{"self":[{"href":"https:\/\/singuli.wpress.me\/index.php\/wp-json\/wp\/v2\/product\/42693","targetHints":{"allow":["GET"]}}],"collection":[{"href":"https:\/\/singuli.wpress.me\/index.php\/wp-json\/wp\/v2\/product"}],"about":[{"href":"https:\/\/singuli.wpress.me\/index.php\/wp-json\/wp\/v2\/types\/product"}],"version-history":[{"count":0,"href":"https:\/\/singuli.wpress.me\/index.php\/wp-json\/wp\/v2\/product\/42693\/revisions"}],"wp:attachment":[{"href":"https:\/\/singuli.wpress.me\/index.php\/wp-json\/wp\/v2\/media?parent=42693"}],"wp:term":[{"taxonomy":"product_brand","embeddable":true,"href":"https:\/\/singuli.wpress.me\/index.php\/wp-json\/wp\/v2\/product_brand?post=42693"},{"taxonomy":"product_cat","embeddable":true,"href":"https:\/\/singuli.wpress.me\/index.php\/wp-json\/wp\/v2\/product_cat?post=42693"},{"taxonomy":"product_tag","embeddable":true,"href":"https:\/\/singuli.wpress.me\/index.php\/wp-json\/wp\/v2\/product_tag?post=42693"}],"curies":[{"name":"wp","href":"https:\/\/api.w.org\/{rel}","templated":true}]}}