{"id":42694,"date":"2026-04-19T15:29:08","date_gmt":"2026-04-19T15:29:08","guid":{"rendered":"https:\/\/singuli.wpress.me\/index.php\/proizvod\/domo-do9096w-precizna-vaga\/"},"modified":"2026-04-20T12:33:48","modified_gmt":"2026-04-20T12:33:48","slug":"domo-do9096w-precizna-vaga","status":"publish","type":"product","link":"https:\/\/singuli.wpress.me\/index.php\/proizvod\/domo-do9096w-precizna-vaga\/","title":{"rendered":"DOMO DO9096W, precizna vaga"},"content":{"rendered":"<p>S digitalnom kuhinjskom vagom Domo DO9096W mo\u017eete precizno vagati sastojke do 0,1 grama. Zato je mo\u017eete koristiti za vaganje osjetljivih sastojaka poput za\u010dina i pra\u0161kova. Tako\u0111er mo\u017eete vagati te\u017ee sastojke jer je maksimalni kapacitet vaganja vage 200 grama. Vaga tako\u0111er ima korisnu Taru funkciju.<br \/>\nVolite li se inspirirati stranim receptima? Domo DO9096W \u0107e se bez napora prebaciti s prikaza kilograma na unce.<\/p>\n","protected":false},"excerpt":{"rendered":"<p>Vrlo kompaktna d\u017eepna veli\u010dina<br \/>\nVisoka preciznost: 0,01 grama<br \/>\nEkran na dodir<\/p>\n","protected":false},"featured_media":0,"template":"","meta":{"_seopress_robots_primary_cat":"","_seopress_titles_title":"","_seopress_titles_desc":"","_seopress_robots_index":"","iawp_total_views":0},"product_brand":[255],"product_cat":[266,265,160],"product_tag":[],"class_list":{"0":"post-42694","1":"product","2":"type-product","3":"status-publish","5":"product_brand-domo","6":"product_cat-aparati-za-kuhanje-265","7":"product_cat-kuhinjski-aparati-160","8":"product_cat-mali-kucanski-aparati","10":"first","11":"instock","12":"shipping-taxable","13":"purchasable","14":"product-type-simple"},"_links":{"self":[{"href":"https:\/\/singuli.wpress.me\/index.php\/wp-json\/wp\/v2\/product\/42694","targetHints":{"allow":["GET"]}}],"collection":[{"href":"https:\/\/singuli.wpress.me\/index.php\/wp-json\/wp\/v2\/product"}],"about":[{"href":"https:\/\/singuli.wpress.me\/index.php\/wp-json\/wp\/v2\/types\/product"}],"version-history":[{"count":0,"href":"https:\/\/singuli.wpress.me\/index.php\/wp-json\/wp\/v2\/product\/42694\/revisions"}],"wp:attachment":[{"href":"https:\/\/singuli.wpress.me\/index.php\/wp-json\/wp\/v2\/media?parent=42694"}],"wp:term":[{"taxonomy":"product_brand","embeddable":true,"href":"https:\/\/singuli.wpress.me\/index.php\/wp-json\/wp\/v2\/product_brand?post=42694"},{"taxonomy":"product_cat","embeddable":true,"href":"https:\/\/singuli.wpress.me\/index.php\/wp-json\/wp\/v2\/product_cat?post=42694"},{"taxonomy":"product_tag","embeddable":true,"href":"https:\/\/singuli.wpress.me\/index.php\/wp-json\/wp\/v2\/product_tag?post=42694"}],"curies":[{"name":"wp","href":"https:\/\/api.w.org\/{rel}","templated":true}]}}