{"id":42695,"date":"2026-04-19T15:29:09","date_gmt":"2026-04-19T15:29:09","guid":{"rendered":"https:\/\/singuli.wpress.me\/index.php\/proizvod\/glade-mirisna-svijeca-jabuka-i-cimet-70-g-2\/"},"modified":"2026-04-20T12:33:48","modified_gmt":"2026-04-20T12:33:48","slug":"glade-mirisna-svijeca-jabuka-i-cimet-70-g-2","status":"publish","type":"product","link":"https:\/\/singuli.wpress.me\/index.php\/proizvod\/glade-mirisna-svijeca-jabuka-i-cimet-70-g-2\/","title":{"rendered":"GLADE, mirisna svije\u0107a, jabuka i cimet, 70\u00a0g"},"content":{"rendered":"<p>Glade\u00ae Mini mirisna svije\u0107a pru\u017ea ugodan miris koji ispunjava cijelu prostoriju. <\/p>\n<p>Topla prisutnost vijori u zraku dok mirisi hrskavih jabuka, cimeta i mu\u0161katnog ora\u0161\u010di\u0107a ispunjavaju va\u0161 dom ugodnom dobrodo\u0161licom. <\/p>\n","protected":false},"excerpt":{"rendered":"<p>Miris oboga\u0107en eteri\u010dnim uljima<br \/>\nStvara ugodnu atmosferu<br \/>\nMiris ispunjava cijelu prostoriju<\/p>\n","protected":false},"featured_media":0,"template":"","meta":{"_seopress_robots_primary_cat":"","_seopress_titles_title":"","_seopress_titles_desc":"","_seopress_robots_index":"","iawp_total_views":0},"product_brand":[405],"product_cat":[294,238],"product_tag":[],"class_list":{"0":"post-42695","1":"product","2":"type-product","3":"status-publish","5":"product_brand-glade","6":"product_cat-osvjezivaci-zraka-238","7":"product_cat-sve-za-dom","9":"first","10":"outofstock","11":"shipping-taxable","12":"purchasable","13":"product-type-simple"},"_links":{"self":[{"href":"https:\/\/singuli.wpress.me\/index.php\/wp-json\/wp\/v2\/product\/42695","targetHints":{"allow":["GET"]}}],"collection":[{"href":"https:\/\/singuli.wpress.me\/index.php\/wp-json\/wp\/v2\/product"}],"about":[{"href":"https:\/\/singuli.wpress.me\/index.php\/wp-json\/wp\/v2\/types\/product"}],"version-history":[{"count":0,"href":"https:\/\/singuli.wpress.me\/index.php\/wp-json\/wp\/v2\/product\/42695\/revisions"}],"wp:attachment":[{"href":"https:\/\/singuli.wpress.me\/index.php\/wp-json\/wp\/v2\/media?parent=42695"}],"wp:term":[{"taxonomy":"product_brand","embeddable":true,"href":"https:\/\/singuli.wpress.me\/index.php\/wp-json\/wp\/v2\/product_brand?post=42695"},{"taxonomy":"product_cat","embeddable":true,"href":"https:\/\/singuli.wpress.me\/index.php\/wp-json\/wp\/v2\/product_cat?post=42695"},{"taxonomy":"product_tag","embeddable":true,"href":"https:\/\/singuli.wpress.me\/index.php\/wp-json\/wp\/v2\/product_tag?post=42695"}],"curies":[{"name":"wp","href":"https:\/\/api.w.org\/{rel}","templated":true}]}}