{"id":42697,"date":"2026-04-19T15:29:10","date_gmt":"2026-04-19T15:29:10","guid":{"rendered":"https:\/\/singuli.wpress.me\/index.php\/proizvod\/glade-aromatherapy-calm-mind-mirisna-svijeca-bergamot-i-limunska-trava-260-g\/"},"modified":"2026-04-20T12:33:48","modified_gmt":"2026-04-20T12:33:48","slug":"glade-aromatherapy-calm-mind-mirisna-svijeca-bergamot-i-limunska-trava-260-g","status":"publish","type":"product","link":"https:\/\/singuli.wpress.me\/index.php\/proizvod\/glade-aromatherapy-calm-mind-mirisna-svijeca-bergamot-i-limunska-trava-260-g\/","title":{"rendered":"GLADE Aromatherapy Calm Mind, mirisna svije\u0107a, bergamot i limunska trava, 260\u00a0g"},"content":{"rendered":"<p>Glade\u00ae Aromatherapy Candle Calm Mind, mirisna je svije\u0107a uz koju mo\u017eete uzeti potrebnu pauzu u danu i dovesti svoj duh i tijelo u ravnote\u017eu. <\/p>\n<p>Uz mirise svje\u017eeg talijanskog bergamota i gvatemalske limunske trave, unesite svje\u017eu harmomiju u va\u0161 dom! <\/p>\n<p>Svije\u0107a je oboga\u0107ena dvostrukom mje\u0161avinom premium esencijalnih ulja koji ispunjavaju cijelu prostoriju osvje\u017eavaju\u0107im mirisom. <\/p>\n<p>Glade\u00ae Aromatherapy Candle Calm Mind mirisna svije\u0107a napravljena je od voska na biljnoj bazi, koji sadr\u017ei 30 % palminog voska s RSPO certifikatom. <\/p>\n<p>Ova formula ne sadr\u017ei parabene, ftalate, nitro mo\u0161us, boje ili umjetna bojila. <\/p>\n<p>Staklena posuda i metalni poklopac mogu se reciklirati.<\/p>\n","protected":false},"excerpt":{"rendered":"<p>Mirisna svije\u0107a oboga\u0107ena dvostrukom mje\u0161avinom esencijalnih ulja<br \/>\nNapravljena od voska na biljnoj bazi<br \/>\nNe sadr\u017ei parabene, ftalate, umjetna bojila<\/p>\n","protected":false},"featured_media":0,"template":"","meta":{"_seopress_robots_primary_cat":"","_seopress_titles_title":"","_seopress_titles_desc":"","_seopress_robots_index":"","iawp_total_views":0},"product_brand":[405],"product_cat":[294,238],"product_tag":[],"class_list":{"0":"post-42697","1":"product","2":"type-product","3":"status-publish","5":"product_brand-glade","6":"product_cat-osvjezivaci-zraka-238","7":"product_cat-sve-za-dom","9":"first","10":"outofstock","11":"shipping-taxable","12":"purchasable","13":"product-type-simple"},"_links":{"self":[{"href":"https:\/\/singuli.wpress.me\/index.php\/wp-json\/wp\/v2\/product\/42697","targetHints":{"allow":["GET"]}}],"collection":[{"href":"https:\/\/singuli.wpress.me\/index.php\/wp-json\/wp\/v2\/product"}],"about":[{"href":"https:\/\/singuli.wpress.me\/index.php\/wp-json\/wp\/v2\/types\/product"}],"version-history":[{"count":0,"href":"https:\/\/singuli.wpress.me\/index.php\/wp-json\/wp\/v2\/product\/42697\/revisions"}],"wp:attachment":[{"href":"https:\/\/singuli.wpress.me\/index.php\/wp-json\/wp\/v2\/media?parent=42697"}],"wp:term":[{"taxonomy":"product_brand","embeddable":true,"href":"https:\/\/singuli.wpress.me\/index.php\/wp-json\/wp\/v2\/product_brand?post=42697"},{"taxonomy":"product_cat","embeddable":true,"href":"https:\/\/singuli.wpress.me\/index.php\/wp-json\/wp\/v2\/product_cat?post=42697"},{"taxonomy":"product_tag","embeddable":true,"href":"https:\/\/singuli.wpress.me\/index.php\/wp-json\/wp\/v2\/product_tag?post=42697"}],"curies":[{"name":"wp","href":"https:\/\/api.w.org\/{rel}","templated":true}]}}