{"id":42698,"date":"2026-04-19T15:29:10","date_gmt":"2026-04-19T15:29:10","guid":{"rendered":"https:\/\/singuli.wpress.me\/index.php\/proizvod\/aeroshell-turbine-oil-500-turbinsko-ulje-24x0-946l-22-704-l\/"},"modified":"2026-04-20T12:33:48","modified_gmt":"2026-04-20T12:33:48","slug":"aeroshell-turbine-oil-500-turbinsko-ulje-24x0-946l-22-704-l","status":"publish","type":"product","link":"https:\/\/singuli.wpress.me\/index.php\/proizvod\/aeroshell-turbine-oil-500-turbinsko-ulje-24x0-946l-22-704-l\/","title":{"rendered":"AEROSHELL TURBINE OIL 500, turbinsko ulje, 24&#215;0.946l, 22.704\u00a0l"},"content":{"rendered":"<p>AeroShell Turbine Oil 500 je ulje na bazi sinteti\u010dkih estera viskoznosti 5mm\u00b2\/s. Dizajnirano za  turbinske motore zrakoplova sizbalansiranom kombinacijom aditiva koji omogu\u0107avaju termalnu i oksidacijsku stabilnost. Proizvedeno je primarno da bi zadovoljilo zahtjeve i specifikacije Pratt&amp;Whitney 521 Tip II i MIL-L-23699 i u potpunosti je prigodno za ve\u0107inu motora civilnih i vojnih zrakoplova koji zahtijevaju tu razinu maziva. U prilog tome ide i \u010dinjenica da je odobreno kao SPC &#8211; Standard Performance Capability ulje.<\/p>\n<p><span style=\"font-weight: bold\">Specifikacija:<\/span> MIL-PRF-23699G Grade STD, SAE AS5780D GradE SPC (US), britanska: DEF STAN 91-101, francuska: DCSEA 299\/A, NATO Code O-156, Joint Service Designation OX-27, Pratt&amp;Whitney 521C Type II, General Electric D-50 TF 1, Allison EMS\u2013 53 (zastario). Za kori\u0161tenje u razli\u010ditim modelima motora molim vas pogledajte Tehni\u010dki list proizvoda. <\/p>\n","protected":false},"excerpt":{"rendered":"<p>Turbinsko ulje za zrakoplove<br \/>\nOksidacijska stabilnost<br \/>\nPrigodno za ve\u0107inu motora civilnih i vojnih zrakoplova<\/p>\n","protected":false},"featured_media":0,"template":"","meta":{"_seopress_robots_primary_cat":"","_seopress_titles_title":"","_seopress_titles_desc":"","_seopress_robots_index":"","iawp_total_views":0},"product_brand":[482],"product_cat":[221,263],"product_tag":[],"class_list":{"0":"post-42698","1":"product","2":"type-product","3":"status-publish","5":"product_brand-aeroshell","6":"product_cat-igracke","7":"product_cat-tematske-igracke-221","9":"first","10":"outofstock","11":"shipping-taxable","12":"purchasable","13":"product-type-simple"},"_links":{"self":[{"href":"https:\/\/singuli.wpress.me\/index.php\/wp-json\/wp\/v2\/product\/42698","targetHints":{"allow":["GET"]}}],"collection":[{"href":"https:\/\/singuli.wpress.me\/index.php\/wp-json\/wp\/v2\/product"}],"about":[{"href":"https:\/\/singuli.wpress.me\/index.php\/wp-json\/wp\/v2\/types\/product"}],"version-history":[{"count":0,"href":"https:\/\/singuli.wpress.me\/index.php\/wp-json\/wp\/v2\/product\/42698\/revisions"}],"wp:attachment":[{"href":"https:\/\/singuli.wpress.me\/index.php\/wp-json\/wp\/v2\/media?parent=42698"}],"wp:term":[{"taxonomy":"product_brand","embeddable":true,"href":"https:\/\/singuli.wpress.me\/index.php\/wp-json\/wp\/v2\/product_brand?post=42698"},{"taxonomy":"product_cat","embeddable":true,"href":"https:\/\/singuli.wpress.me\/index.php\/wp-json\/wp\/v2\/product_cat?post=42698"},{"taxonomy":"product_tag","embeddable":true,"href":"https:\/\/singuli.wpress.me\/index.php\/wp-json\/wp\/v2\/product_tag?post=42698"}],"curies":[{"name":"wp","href":"https:\/\/api.w.org\/{rel}","templated":true}]}}