{"id":42699,"date":"2026-04-19T15:29:11","date_gmt":"2026-04-19T15:29:11","guid":{"rendered":"https:\/\/singuli.wpress.me\/index.php\/proizvod\/smac-manitoba-express-sredstvo-za-ciscenje-kupaonice-650-ml-2\/"},"modified":"2026-04-20T12:33:48","modified_gmt":"2026-04-20T12:33:48","slug":"smac-manitoba-express-sredstvo-za-ciscenje-kupaonice-650-ml-2","status":"publish","type":"product","link":"https:\/\/singuli.wpress.me\/index.php\/proizvod\/smac-manitoba-express-sredstvo-za-ciscenje-kupaonice-650-ml-2\/","title":{"rendered":"SMAC Manitoba Express, sredstvo za \u010di\u0161\u0107enje, kupaonice, 650\u00a0ml"},"content":{"rendered":"<p>Smac Express sprej za kupaonicu osigurava dubinsko i u\u010dinkovito \u010di\u0161\u0107enje, posebno za kupaonske povr\u0161ine.<\/p>\n<p>&#8211; Uklanja mrlje od vode i ostatke sapuna.<br \/>\n&#8211; Sanitizira povr\u0161ine i uklanja kamenac.<\/p>\n","protected":false},"excerpt":{"rendered":"<p>Uklanja mrlje od vode i ostatke sapuna<br \/>\nSanitizira povr\u0161ine i uklanja kamenac<br \/>\nPogodan za tu\u0161 kabine, sanitarije, slavine, plo\u010dice<\/p>\n","protected":false},"featured_media":0,"template":"","meta":{"_seopress_robots_primary_cat":"","_seopress_titles_title":"","_seopress_titles_desc":"","_seopress_robots_index":"","iawp_total_views":0},"product_brand":[421],"product_cat":[284,238],"product_tag":[],"class_list":{"0":"post-42699","1":"product","2":"type-product","3":"status-publish","5":"product_brand-smac","6":"product_cat-sredstva-za-ciscenje-238","7":"product_cat-sve-za-dom","9":"first","10":"outofstock","11":"shipping-taxable","12":"purchasable","13":"product-type-simple"},"_links":{"self":[{"href":"https:\/\/singuli.wpress.me\/index.php\/wp-json\/wp\/v2\/product\/42699","targetHints":{"allow":["GET"]}}],"collection":[{"href":"https:\/\/singuli.wpress.me\/index.php\/wp-json\/wp\/v2\/product"}],"about":[{"href":"https:\/\/singuli.wpress.me\/index.php\/wp-json\/wp\/v2\/types\/product"}],"version-history":[{"count":0,"href":"https:\/\/singuli.wpress.me\/index.php\/wp-json\/wp\/v2\/product\/42699\/revisions"}],"wp:attachment":[{"href":"https:\/\/singuli.wpress.me\/index.php\/wp-json\/wp\/v2\/media?parent=42699"}],"wp:term":[{"taxonomy":"product_brand","embeddable":true,"href":"https:\/\/singuli.wpress.me\/index.php\/wp-json\/wp\/v2\/product_brand?post=42699"},{"taxonomy":"product_cat","embeddable":true,"href":"https:\/\/singuli.wpress.me\/index.php\/wp-json\/wp\/v2\/product_cat?post=42699"},{"taxonomy":"product_tag","embeddable":true,"href":"https:\/\/singuli.wpress.me\/index.php\/wp-json\/wp\/v2\/product_tag?post=42699"}],"curies":[{"name":"wp","href":"https:\/\/api.w.org\/{rel}","templated":true}]}}