{"id":42700,"date":"2026-04-19T15:29:11","date_gmt":"2026-04-19T15:29:11","guid":{"rendered":"https:\/\/singuli.wpress.me\/index.php\/proizvod\/bonduelle-makedonska-mjesavina-povrca-400-g\/"},"modified":"2026-04-20T12:33:48","modified_gmt":"2026-04-20T12:33:48","slug":"bonduelle-makedonska-mjesavina-povrca-400-g","status":"publish","type":"product","link":"https:\/\/singuli.wpress.me\/index.php\/proizvod\/bonduelle-makedonska-mjesavina-povrca-400-g\/","title":{"rendered":"BONDUELLE makedonska, mje\u0161avina povr\u0107a, 400\u00a0g"},"content":{"rendered":"<p>Konzervirani sterilizirani proizvodi od mije\u0161anog povr\u0107a na bazi gra\u0161ka pripremaju se od mje\u0161avine pet povr\u0107e: slatki zeleni gra\u0161ak, rezane mahune, grah, kockice cvjeta\u010de i stabljike brokule. <\/p>\n","protected":false},"excerpt":{"rendered":"<p>Steriliziran proizvod<br \/>\nMje\u0161avina pet vrsta povr\u0107a<br \/>\nKonzervirano povr\u0107e<\/p>\n","protected":false},"featured_media":0,"template":"","meta":{"_seopress_robots_primary_cat":"","_seopress_titles_title":"","_seopress_titles_desc":"","_seopress_robots_index":"","iawp_total_views":0},"product_brand":[452],"product_cat":[261,299],"product_tag":[],"class_list":{"0":"post-42700","1":"product","2":"type-product","3":"status-publish","5":"product_brand-bonduelle","6":"product_cat-hrana-i-pice","7":"product_cat-konzervirana-i-gotova-hrana-261","9":"first","10":"outofstock","11":"shipping-taxable","12":"purchasable","13":"product-type-simple"},"_links":{"self":[{"href":"https:\/\/singuli.wpress.me\/index.php\/wp-json\/wp\/v2\/product\/42700","targetHints":{"allow":["GET"]}}],"collection":[{"href":"https:\/\/singuli.wpress.me\/index.php\/wp-json\/wp\/v2\/product"}],"about":[{"href":"https:\/\/singuli.wpress.me\/index.php\/wp-json\/wp\/v2\/types\/product"}],"version-history":[{"count":0,"href":"https:\/\/singuli.wpress.me\/index.php\/wp-json\/wp\/v2\/product\/42700\/revisions"}],"wp:attachment":[{"href":"https:\/\/singuli.wpress.me\/index.php\/wp-json\/wp\/v2\/media?parent=42700"}],"wp:term":[{"taxonomy":"product_brand","embeddable":true,"href":"https:\/\/singuli.wpress.me\/index.php\/wp-json\/wp\/v2\/product_brand?post=42700"},{"taxonomy":"product_cat","embeddable":true,"href":"https:\/\/singuli.wpress.me\/index.php\/wp-json\/wp\/v2\/product_cat?post=42700"},{"taxonomy":"product_tag","embeddable":true,"href":"https:\/\/singuli.wpress.me\/index.php\/wp-json\/wp\/v2\/product_tag?post=42700"}],"curies":[{"name":"wp","href":"https:\/\/api.w.org\/{rel}","templated":true}]}}