{"id":42706,"date":"2026-04-19T15:29:13","date_gmt":"2026-04-19T15:29:13","guid":{"rendered":"https:\/\/singuli.wpress.me\/index.php\/proizvod\/dana-vitamin-active-vitaminska-voda-0-75-l\/"},"modified":"2026-04-20T12:33:48","modified_gmt":"2026-04-20T12:33:48","slug":"dana-vitamin-active-vitaminska-voda-0-75-l","status":"publish","type":"product","link":"https:\/\/singuli.wpress.me\/index.php\/proizvod\/dana-vitamin-active-vitaminska-voda-0-75-l\/","title":{"rendered":"DANA Vitamin &#8211; Active, vitaminska voda, 0.75\u00a0l"},"content":{"rendered":"<p>Niskoenergetsko negazirano bezalkoholno pi\u0107e s okusom manga te vitaminima C, B6, B3, B5 i B7 te L-karnitinom.<br \/>\nProizvod preporu\u010duje se kao dio uravnote\u017eene i raznovrsne prehrane i zdravog na\u010dina \u017eivota.<\/p>\n","protected":false},"excerpt":{"rendered":"<p>Niskoenergentsko negazirano bezalkoholno pi\u0107e okusa manga<br \/>\nS vitaminima C, B6, B3, B5 i B7<br \/>\nS  L-karnitinom<\/p>\n","protected":false},"featured_media":0,"template":"","meta":{"_seopress_robots_primary_cat":"","_seopress_titles_title":"","_seopress_titles_desc":"","_seopress_robots_index":"","iawp_total_views":0},"product_brand":[485],"product_cat":[261,262],"product_tag":[],"class_list":{"0":"post-42706","1":"product","2":"type-product","3":"status-publish","5":"product_brand-dana","6":"product_cat-hrana-i-pice","7":"product_cat-sokovi-i-napitci-261","9":"first","10":"instock","11":"shipping-taxable","12":"purchasable","13":"product-type-simple"},"_links":{"self":[{"href":"https:\/\/singuli.wpress.me\/index.php\/wp-json\/wp\/v2\/product\/42706","targetHints":{"allow":["GET"]}}],"collection":[{"href":"https:\/\/singuli.wpress.me\/index.php\/wp-json\/wp\/v2\/product"}],"about":[{"href":"https:\/\/singuli.wpress.me\/index.php\/wp-json\/wp\/v2\/types\/product"}],"version-history":[{"count":0,"href":"https:\/\/singuli.wpress.me\/index.php\/wp-json\/wp\/v2\/product\/42706\/revisions"}],"wp:attachment":[{"href":"https:\/\/singuli.wpress.me\/index.php\/wp-json\/wp\/v2\/media?parent=42706"}],"wp:term":[{"taxonomy":"product_brand","embeddable":true,"href":"https:\/\/singuli.wpress.me\/index.php\/wp-json\/wp\/v2\/product_brand?post=42706"},{"taxonomy":"product_cat","embeddable":true,"href":"https:\/\/singuli.wpress.me\/index.php\/wp-json\/wp\/v2\/product_cat?post=42706"},{"taxonomy":"product_tag","embeddable":true,"href":"https:\/\/singuli.wpress.me\/index.php\/wp-json\/wp\/v2\/product_tag?post=42706"}],"curies":[{"name":"wp","href":"https:\/\/api.w.org\/{rel}","templated":true}]}}