{"id":42711,"date":"2026-04-19T15:29:14","date_gmt":"2026-04-19T15:29:14","guid":{"rendered":"https:\/\/singuli.wpress.me\/index.php\/proizvod\/df-motorno-ulje-premium-eo-10w40-20-l\/"},"modified":"2026-04-20T12:33:48","modified_gmt":"2026-04-20T12:33:48","slug":"df-motorno-ulje-premium-eo-10w40-20-l","status":"publish","type":"product","link":"https:\/\/singuli.wpress.me\/index.php\/proizvod\/df-motorno-ulje-premium-eo-10w40-20-l\/","title":{"rendered":"DF, motorno ulje, PREMIUM EO 10W40, 20\u00a0l"},"content":{"rendered":"<p>Motorno ulje sinteti\u010dke osnove namijenjeno za te\u0161ko optere\u0107ene dizel motore. Razvijeno sa Low-SAPS tehnologijom aditiva za pove\u0107anu kompatibilnost s najnovijim kontrolnim sustavima ispu\u0161nih plinova dok istodobno pridonosi energetskoj u\u0161tedi. Zahvaljuju\u0107i sinteti\u010dkoj osnovi baznog ulja osigurava pobolj\u0161anje hladnog pokretanja motora i  u\u0161tedu goriva te u\u0161tedu novca, bez ugro\u017eavanja za\u0161tite ili trajnosti motora. Napredna formulacija osigurava dobru \u010disto\u0107u motora i za\u0161titu od naslaga \u0161to omogu\u0107uje ulju da osigura pouzdanost motora i komponenti pri produljenim intervalima zamjene ulja. Namijenjeno je za upotrebu u poljoprivrednoj mehanizaciji gdje su strojevi pod pritiskom visokog optere\u0107enja i sporohodnih radnji pri \u010demu ostaje stabilno. <\/p>\n<p>Specifikacije: API: CJ-4, CI-4+, CI-4, CH-4, CG-4, CF-4, CF ACEA: E9, E7, Deutz: DQC III-10 LA<\/p>\n","protected":false},"excerpt":{"rendered":"<p>Razvijeno sa Low-SAPS tehnologijom aditiva za pove\u0107anu kompatibilnost s najnovijim kontrolnim sustavima ispu\u0161nih plinova dok istodobno pridonosi energetskoj u\u0161tedi<br \/>\nZahvaljuju\u0107i sinteti\u010dkoj osnovi baznog ulja osigurava pobolj\u0161anje hladnog pokretanja motora i  u\u0161tedu goriva te u\u0161tedu novca, bez ugro\u017eavanja za\u0161tite ili trajnosti motora<br \/>\nNapredna formulacija osigurava dobru \u010disto\u0107u motora i za\u0161titu od naslaga \u0161to omogu\u0107uje ulju da osigura pouzdanost motora i komponenti pri produljenim intervalima zamjene ulja<\/p>\n","protected":false},"featured_media":0,"template":"","meta":{"_seopress_robots_primary_cat":"","_seopress_titles_title":"","_seopress_titles_desc":"","_seopress_robots_index":"","iawp_total_views":0},"product_brand":[839],"product_cat":[243,276],"product_tag":[],"class_list":{"0":"post-42711","1":"product","2":"type-product","3":"status-publish","5":"product_brand-df","6":"product_cat-automobili-i-motori","7":"product_cat-industrijska-i-specijalna-ulja-243","9":"first","10":"instock","11":"shipping-taxable","12":"purchasable","13":"product-type-simple"},"_links":{"self":[{"href":"https:\/\/singuli.wpress.me\/index.php\/wp-json\/wp\/v2\/product\/42711","targetHints":{"allow":["GET"]}}],"collection":[{"href":"https:\/\/singuli.wpress.me\/index.php\/wp-json\/wp\/v2\/product"}],"about":[{"href":"https:\/\/singuli.wpress.me\/index.php\/wp-json\/wp\/v2\/types\/product"}],"version-history":[{"count":0,"href":"https:\/\/singuli.wpress.me\/index.php\/wp-json\/wp\/v2\/product\/42711\/revisions"}],"wp:attachment":[{"href":"https:\/\/singuli.wpress.me\/index.php\/wp-json\/wp\/v2\/media?parent=42711"}],"wp:term":[{"taxonomy":"product_brand","embeddable":true,"href":"https:\/\/singuli.wpress.me\/index.php\/wp-json\/wp\/v2\/product_brand?post=42711"},{"taxonomy":"product_cat","embeddable":true,"href":"https:\/\/singuli.wpress.me\/index.php\/wp-json\/wp\/v2\/product_cat?post=42711"},{"taxonomy":"product_tag","embeddable":true,"href":"https:\/\/singuli.wpress.me\/index.php\/wp-json\/wp\/v2\/product_tag?post=42711"}],"curies":[{"name":"wp","href":"https:\/\/api.w.org\/{rel}","templated":true}]}}