{"id":42713,"date":"2026-04-19T15:29:15","date_gmt":"2026-04-19T15:29:15","guid":{"rendered":"https:\/\/singuli.wpress.me\/index.php\/proizvod\/off-sprej-protiv-uboda-insekata-100-ml-2\/"},"modified":"2026-04-20T12:33:48","modified_gmt":"2026-04-20T12:33:48","slug":"off-sprej-protiv-uboda-insekata-100-ml-2","status":"publish","type":"product","link":"https:\/\/singuli.wpress.me\/index.php\/proizvod\/off-sprej-protiv-uboda-insekata-100-ml-2\/","title":{"rendered":"OFF!, sprej protiv uboda insekata, 100\u00a0ml"},"content":{"rendered":"<p>OFF!\u00ae Sprej je repelentsko sredstvo ugodnog mirisa za u\u010dinkovitu za\u0161titu ko\u017ee djece i odraslih od uboda komaraca, krpelja i ostalih insekata. <\/p>\n<p>Pru\u017ea trenutnu za\u0161titu od komaraca do 2 sata nakon nano\u0161enja.<\/p>\n<p><span style=\"font-weight: bold\">Upute za uporabu: <\/span><\/p>\n<p>Dobro protresite prije uporabe.<\/p>\n<p>Raspr\u0161ite sredstvo ravnomjerno, dr\u017ee\u0107i pri tome spremnik \u0161to uspravnije, kru\u017enim pokretima u trajanju 1 sekunde sa udaljenosti 15 do 20 cm po sljede\u0107im otkrivenim dijelovima tijela:<\/p>\n<p>&#8211; Odrasli: *lice, vrat, ruke, podlaktice i gornji dijelovi stopala<\/p>\n<p>&#8211; Djeca starija od 2 godine: *lice, vrat i gornji dijelovi stopala<\/p>\n<p>* Za lice: raspr\u0161ite sredstvo na dlan odrasle osobe i umjereno nanesite na lice odrasle osobe ili djeteta, izbjegavaju\u0107i o\u010di i usta<\/p>\n","protected":false},"excerpt":{"rendered":"<p>Pru\u017ea za\u0161titu od komaraca do 6 sati<br \/>\nUgodnog mirisa<br \/>\nPogodno za djecu iznad 2 godine<\/p>\n","protected":false},"featured_media":0,"template":"","meta":{"_seopress_robots_primary_cat":"","_seopress_titles_title":"","_seopress_titles_desc":"","_seopress_robots_index":"","iawp_total_views":0},"product_brand":[437],"product_cat":[268,300],"product_tag":[],"class_list":{"0":"post-42713","1":"product","2":"type-product","3":"status-publish","5":"product_brand-off","6":"product_cat-kozmetika-2","7":"product_cat-njega-kose-268","9":"first","10":"outofstock","11":"shipping-taxable","12":"purchasable","13":"product-type-simple"},"_links":{"self":[{"href":"https:\/\/singuli.wpress.me\/index.php\/wp-json\/wp\/v2\/product\/42713","targetHints":{"allow":["GET"]}}],"collection":[{"href":"https:\/\/singuli.wpress.me\/index.php\/wp-json\/wp\/v2\/product"}],"about":[{"href":"https:\/\/singuli.wpress.me\/index.php\/wp-json\/wp\/v2\/types\/product"}],"version-history":[{"count":0,"href":"https:\/\/singuli.wpress.me\/index.php\/wp-json\/wp\/v2\/product\/42713\/revisions"}],"wp:attachment":[{"href":"https:\/\/singuli.wpress.me\/index.php\/wp-json\/wp\/v2\/media?parent=42713"}],"wp:term":[{"taxonomy":"product_brand","embeddable":true,"href":"https:\/\/singuli.wpress.me\/index.php\/wp-json\/wp\/v2\/product_brand?post=42713"},{"taxonomy":"product_cat","embeddable":true,"href":"https:\/\/singuli.wpress.me\/index.php\/wp-json\/wp\/v2\/product_cat?post=42713"},{"taxonomy":"product_tag","embeddable":true,"href":"https:\/\/singuli.wpress.me\/index.php\/wp-json\/wp\/v2\/product_tag?post=42713"}],"curies":[{"name":"wp","href":"https:\/\/api.w.org\/{rel}","templated":true}]}}